{"id":80626,"date":"2024-05-07T10:30:57","date_gmt":"2024-05-07T08:30:57","guid":{"rendered":"https:\/\/pop-co.fr\/index.php\/product\/boite-de-rangement-transparente\/"},"modified":"2025-06-28T12:44:22","modified_gmt":"2025-06-28T10:44:22","slug":"boite-de-rangement-transparente","status":"publish","type":"product","link":"https:\/\/pop-co.fr\/index.php\/product\/boite-de-rangement-transparente\/","title":{"rendered":"PROTECTION FIGURINE &#8211; Bo\u00eete acrylic rigide transparente"},"content":{"rendered":"<p>Boite transparente en Plexiglas permettant de ranger vos figurine en toute s\u00e9r\u00e9nit\u00e9<\/p>\n<p>Dimensions :<br \/>\nL : 25<br \/>\nl : 15<br \/>\nH : 30 cm<\/p>\n","protected":false},"excerpt":{"rendered":"<p>Boite transparente en Plexiglas permettant de ranger vos figurine en toute s\u00e9r\u00e9nit\u00e9 Dimensions : L : 25 l : 15 H : 30 cm<\/p>\n","protected":false},"featured_media":345293,"comment_status":"open","ping_status":"closed","template":"","meta":[],"product_cat":[76],"product_tag":[],"aioseo_notices":[],"jetpack_sharing_enabled":true,"_links":{"self":[{"href":"https:\/\/pop-co.fr\/index.php\/wp-json\/wp\/v2\/product\/80626"}],"collection":[{"href":"https:\/\/pop-co.fr\/index.php\/wp-json\/wp\/v2\/product"}],"about":[{"href":"https:\/\/pop-co.fr\/index.php\/wp-json\/wp\/v2\/types\/product"}],"replies":[{"embeddable":true,"href":"https:\/\/pop-co.fr\/index.php\/wp-json\/wp\/v2\/comments?post=80626"}],"version-history":[{"count":0,"href":"https:\/\/pop-co.fr\/index.php\/wp-json\/wp\/v2\/product\/80626\/revisions"}],"wp:featuredmedia":[{"embeddable":true,"href":"https:\/\/pop-co.fr\/index.php\/wp-json\/wp\/v2\/media\/345293"}],"wp:attachment":[{"href":"https:\/\/pop-co.fr\/index.php\/wp-json\/wp\/v2\/media?parent=80626"}],"wp:term":[{"taxonomy":"product_cat","embeddable":true,"href":"https:\/\/pop-co.fr\/index.php\/wp-json\/wp\/v2\/product_cat?post=80626"},{"taxonomy":"product_tag","embeddable":true,"href":"https:\/\/pop-co.fr\/index.php\/wp-json\/wp\/v2\/product_tag?post=80626"}],"curies":[{"name":"wp","href":"https:\/\/api.w.org\/{rel}","templated":true}]}}