{"id":80856,"date":"2024-05-07T13:34:56","date_gmt":"2024-05-07T11:34:56","guid":{"rendered":"https:\/\/pop-co.fr\/index.php\/product\/pez-8-recharges-saveur-exotique\/"},"modified":"2025-09-17T17:58:52","modified_gmt":"2025-09-17T15:58:52","slug":"pez-8-recharges-saveur-exotique","status":"publish","type":"product","link":"https:\/\/pop-co.fr\/index.php\/product\/pez-8-recharges-saveur-exotique\/","title":{"rendered":"PEZ &#8211; 8 recharges saveur exotique mix"},"content":{"rendered":"<p>Petits et grands succombent aux bonbons p\u00e9tillants et acides PEZ Fizzy. Les bonbons Fizzy ont cinq parfums diff\u00e9rents : pomme, orange, citron, fraise et Tutti-Frutti. Le bon go\u00fbt du fruit, un brin de folie, c&rsquo;est la recette des bonbons PEZ Fizzy.rnrn\u2665 Bonbon veganrn\u2665 Sans colorants artificielsrn\u2665 Sans glutenrn\u2665 Sans OGMrn\u2665 Sans lactosernrnUn bonbon unique et irr\u00e9sistible qui p\u00e9tille.rnLa petite<\/p>\n","protected":false},"excerpt":{"rendered":"<p>Petits et grands succombent aux bonbons p\u00e9tillants et acides PEZ Fizzy. Les bonbons Fizzy ont cinq parfums diff\u00e9rents : pomme, orange, citron, fraise et Tutti-Frutti. Le bon go\u00fbt du fruit, un brin de folie, c&rsquo;est la recette des bonbons PEZ Fizzy.rnrn\u2665 Bonbon veganrn\u2665 Sans colorants artificielsrn\u2665 Sans glutenrn\u2665 Sans OGMrn\u2665 Sans lactosernrnUn bonbon unique et [&hellip;]<\/p>\n","protected":false},"featured_media":358681,"comment_status":"open","ping_status":"closed","template":"","meta":[],"product_cat":[77],"product_tag":[],"aioseo_notices":[],"jetpack_sharing_enabled":true,"_links":{"self":[{"href":"https:\/\/pop-co.fr\/index.php\/wp-json\/wp\/v2\/product\/80856"}],"collection":[{"href":"https:\/\/pop-co.fr\/index.php\/wp-json\/wp\/v2\/product"}],"about":[{"href":"https:\/\/pop-co.fr\/index.php\/wp-json\/wp\/v2\/types\/product"}],"replies":[{"embeddable":true,"href":"https:\/\/pop-co.fr\/index.php\/wp-json\/wp\/v2\/comments?post=80856"}],"version-history":[{"count":1,"href":"https:\/\/pop-co.fr\/index.php\/wp-json\/wp\/v2\/product\/80856\/revisions"}],"predecessor-version":[{"id":80862,"href":"https:\/\/pop-co.fr\/index.php\/wp-json\/wp\/v2\/product\/80856\/revisions\/80862"}],"wp:featuredmedia":[{"embeddable":true,"href":"https:\/\/pop-co.fr\/index.php\/wp-json\/wp\/v2\/media\/358681"}],"wp:attachment":[{"href":"https:\/\/pop-co.fr\/index.php\/wp-json\/wp\/v2\/media?parent=80856"}],"wp:term":[{"taxonomy":"product_cat","embeddable":true,"href":"https:\/\/pop-co.fr\/index.php\/wp-json\/wp\/v2\/product_cat?post=80856"},{"taxonomy":"product_tag","embeddable":true,"href":"https:\/\/pop-co.fr\/index.php\/wp-json\/wp\/v2\/product_tag?post=80856"}],"curies":[{"name":"wp","href":"https:\/\/api.w.org\/{rel}","templated":true}]}}