{"id":8091,"date":"2024-02-20T20:12:35","date_gmt":"2024-02-20T19:12:35","guid":{"rendered":"https:\/\/pop-co.fr\/index.php\/product\/porte-cles-pop-mha-twice\/"},"modified":"2025-06-28T14:32:14","modified_gmt":"2025-06-28T12:32:14","slug":"porte-cles-pop-mha-twice","status":"publish","type":"product","link":"https:\/\/pop-co.fr\/index.php\/product\/porte-cles-pop-mha-twice\/","title":{"rendered":"PORTE CLES POP &#8211; MHA &#8211; Twice"},"content":{"rendered":"<p>Explosif, enclin aux changements de ton et aux contradictions, Twice est l&rsquo;un des principaux lieutenants de la Ligue des Vilains. Profond\u00e9ment loyal malgr\u00e9 ses fr\u00e9quentations peu nobles, sa capacit\u00e9 \u00e0 cr\u00e9er une copie exacte de tout ce dont il conna\u00eet la mesure est essentielle aux plans de la Ligue.<\/p>\n<p>Funko a recr\u00e9\u00e9 ce favori des fans sous la forme d&rsquo;un superbe porte-cl\u00e9s Pocket Pop \u00e0 emporter partout avec soi. Ajoutez-le \u00e0 vos cl\u00e9s, \u00e0 votre sac \u00e0 dos ou \u00e0 votre d\u00e9coration d\u00e8s aujourd&rsquo;hui !<\/p>\n","protected":false},"excerpt":{"rendered":"<p>Explosif, enclin aux changements de ton et aux contradictions, Twice est l&rsquo;un des principaux lieutenants de la Ligue des Vilains. Profond\u00e9ment loyal malgr\u00e9 ses fr\u00e9quentations peu nobles, sa capacit\u00e9 \u00e0 cr\u00e9er une copie exacte de tout ce dont il conna\u00eet la mesure est essentielle aux plans de la Ligue. Funko a recr\u00e9\u00e9 ce favori des [&hellip;]<\/p>\n","protected":false},"featured_media":340526,"comment_status":"open","ping_status":"closed","template":"","meta":[],"product_cat":[17,26],"product_tag":[],"aioseo_notices":[],"jetpack_sharing_enabled":true,"_links":{"self":[{"href":"https:\/\/pop-co.fr\/index.php\/wp-json\/wp\/v2\/product\/8091"}],"collection":[{"href":"https:\/\/pop-co.fr\/index.php\/wp-json\/wp\/v2\/product"}],"about":[{"href":"https:\/\/pop-co.fr\/index.php\/wp-json\/wp\/v2\/types\/product"}],"replies":[{"embeddable":true,"href":"https:\/\/pop-co.fr\/index.php\/wp-json\/wp\/v2\/comments?post=8091"}],"version-history":[{"count":0,"href":"https:\/\/pop-co.fr\/index.php\/wp-json\/wp\/v2\/product\/8091\/revisions"}],"wp:featuredmedia":[{"embeddable":true,"href":"https:\/\/pop-co.fr\/index.php\/wp-json\/wp\/v2\/media\/340526"}],"wp:attachment":[{"href":"https:\/\/pop-co.fr\/index.php\/wp-json\/wp\/v2\/media?parent=8091"}],"wp:term":[{"taxonomy":"product_cat","embeddable":true,"href":"https:\/\/pop-co.fr\/index.php\/wp-json\/wp\/v2\/product_cat?post=8091"},{"taxonomy":"product_tag","embeddable":true,"href":"https:\/\/pop-co.fr\/index.php\/wp-json\/wp\/v2\/product_tag?post=8091"}],"curies":[{"name":"wp","href":"https:\/\/api.w.org\/{rel}","templated":true}]}}