{"id":8140,"date":"2024-02-20T20:13:33","date_gmt":"2024-02-20T19:13:33","guid":{"rendered":"https:\/\/pop-co.fr\/index.php\/product\/agenda-pokemon-2023-2024\/"},"modified":"2024-02-20T20:13:33","modified_gmt":"2024-02-20T19:13:33","slug":"agenda-pokemon-2023-2024","status":"publish","type":"product","link":"https:\/\/pop-co.fr\/index.php\/product\/agenda-pokemon-2023-2024\/","title":{"rendered":"AGENDA &#8211; POKEMON &#8211; 2023\/2024"},"content":{"rendered":"<p>Dans cet agenda Pok\u00e9mon, retrouve tes Pok\u00e9mon pr\u00e9f\u00e9r\u00e9s pour passer une ann\u00e9e exceptionnelle ! En bonus : des sc\u00e8nes de cherche-et-trouve et des infos pour devenir un Dresseur Pok\u00e9mon incollable !<\/p>\n","protected":false},"excerpt":{"rendered":"<p>Dans cet agenda Pok\u00e9mon, retrouve tes Pok\u00e9mon pr\u00e9f\u00e9r\u00e9s pour passer une ann\u00e9e exceptionnelle ! En bonus : des sc\u00e8nes de cherche-et-trouve et des infos pour devenir un Dresseur Pok\u00e9mon incollable !<\/p>\n","protected":false},"featured_media":8139,"comment_status":"open","ping_status":"closed","template":"","meta":[],"product_cat":[34,20],"product_tag":[],"aioseo_notices":[],"jetpack_sharing_enabled":true,"_links":{"self":[{"href":"https:\/\/pop-co.fr\/index.php\/wp-json\/wp\/v2\/product\/8140"}],"collection":[{"href":"https:\/\/pop-co.fr\/index.php\/wp-json\/wp\/v2\/product"}],"about":[{"href":"https:\/\/pop-co.fr\/index.php\/wp-json\/wp\/v2\/types\/product"}],"replies":[{"embeddable":true,"href":"https:\/\/pop-co.fr\/index.php\/wp-json\/wp\/v2\/comments?post=8140"}],"version-history":[{"count":0,"href":"https:\/\/pop-co.fr\/index.php\/wp-json\/wp\/v2\/product\/8140\/revisions"}],"wp:featuredmedia":[{"embeddable":true,"href":"https:\/\/pop-co.fr\/index.php\/wp-json\/wp\/v2\/media\/8139"}],"wp:attachment":[{"href":"https:\/\/pop-co.fr\/index.php\/wp-json\/wp\/v2\/media?parent=8140"}],"wp:term":[{"taxonomy":"product_cat","embeddable":true,"href":"https:\/\/pop-co.fr\/index.php\/wp-json\/wp\/v2\/product_cat?post=8140"},{"taxonomy":"product_tag","embeddable":true,"href":"https:\/\/pop-co.fr\/index.php\/wp-json\/wp\/v2\/product_tag?post=8140"}],"curies":[{"name":"wp","href":"https:\/\/api.w.org\/{rel}","templated":true}]}}