{"id":8167,"date":"2024-02-20T20:14:02","date_gmt":"2024-02-20T19:14:02","guid":{"rendered":"https:\/\/pop-co.fr\/index.php\/product\/agenda-pokemon-2023-2024-noir\/"},"modified":"2025-06-28T14:32:47","modified_gmt":"2025-06-28T12:32:47","slug":"agenda-pokemon-2023-2024-noir","status":"publish","type":"product","link":"https:\/\/pop-co.fr\/index.php\/product\/agenda-pokemon-2023-2024-noir\/","title":{"rendered":"AGENDA &#8211; POKEMON &#8211; 2023\/2024 (noir)"},"content":{"rendered":"<p>Retrouve tous les Pok\u00e9mon de la nouvelle r\u00e9gion de Pald\u00e9a dans cet agenda richement illustr\u00e9 et passe une ann\u00e9e exceptionnelle ! Au programme : des sc\u00e8nes de cherche-et-trouve et plein d\u2019infos sur les Pok\u00e9mon au fil des pages. Et en bonus : des jeux propos\u00e9s tous les mois pour t\u2019amuser et devenir un v\u00e9ritable Dresseur Pok\u00e9mon !<\/p>\n","protected":false},"excerpt":{"rendered":"<p>Retrouve tous les Pok\u00e9mon de la nouvelle r\u00e9gion de Pald\u00e9a dans cet agenda richement illustr\u00e9 et passe une ann\u00e9e exceptionnelle ! Au programme : des sc\u00e8nes de cherche-et-trouve et plein d\u2019infos sur les Pok\u00e9mon au fil des pages. Et en bonus : des jeux propos\u00e9s tous les mois pour t\u2019amuser et devenir un v\u00e9ritable Dresseur [&hellip;]<\/p>\n","protected":false},"featured_media":151444,"comment_status":"open","ping_status":"closed","template":"","meta":[],"product_cat":[34,20],"product_tag":[],"aioseo_notices":[],"jetpack_sharing_enabled":true,"_links":{"self":[{"href":"https:\/\/pop-co.fr\/index.php\/wp-json\/wp\/v2\/product\/8167"}],"collection":[{"href":"https:\/\/pop-co.fr\/index.php\/wp-json\/wp\/v2\/product"}],"about":[{"href":"https:\/\/pop-co.fr\/index.php\/wp-json\/wp\/v2\/types\/product"}],"replies":[{"embeddable":true,"href":"https:\/\/pop-co.fr\/index.php\/wp-json\/wp\/v2\/comments?post=8167"}],"version-history":[{"count":1,"href":"https:\/\/pop-co.fr\/index.php\/wp-json\/wp\/v2\/product\/8167\/revisions"}],"predecessor-version":[{"id":82050,"href":"https:\/\/pop-co.fr\/index.php\/wp-json\/wp\/v2\/product\/8167\/revisions\/82050"}],"wp:featuredmedia":[{"embeddable":true,"href":"https:\/\/pop-co.fr\/index.php\/wp-json\/wp\/v2\/media\/151444"}],"wp:attachment":[{"href":"https:\/\/pop-co.fr\/index.php\/wp-json\/wp\/v2\/media?parent=8167"}],"wp:term":[{"taxonomy":"product_cat","embeddable":true,"href":"https:\/\/pop-co.fr\/index.php\/wp-json\/wp\/v2\/product_cat?post=8167"},{"taxonomy":"product_tag","embeddable":true,"href":"https:\/\/pop-co.fr\/index.php\/wp-json\/wp\/v2\/product_tag?post=8167"}],"curies":[{"name":"wp","href":"https:\/\/api.w.org\/{rel}","templated":true}]}}