{"id":8199,"date":"2024-02-20T20:14:56","date_gmt":"2024-02-20T19:14:56","guid":{"rendered":"https:\/\/pop-co.fr\/index.php\/product\/tirelire-dragon-ball-san-gohan\/"},"modified":"2025-06-28T14:33:30","modified_gmt":"2025-06-28T12:33:30","slug":"tirelire-dragon-ball-san-gohan","status":"publish","type":"product","link":"https:\/\/pop-co.fr\/index.php\/product\/tirelire-dragon-ball-san-gohan\/","title":{"rendered":"TIRELIRE &#8211; DRAGON BALL &#8211; San Gohan"},"content":{"rendered":"<p>Tirelire de San Gohan, de la s\u00e9rie anim\u00e9e One Piece, avec un dr\u00f4le de look chibi.rnPoids netrn0,325<\/p>\n","protected":false},"excerpt":{"rendered":"<p>Tirelire de San Gohan, de la s\u00e9rie anim\u00e9e One Piece, avec un dr\u00f4le de look chibi.rnPoids netrn0,325<\/p>\n","protected":false},"featured_media":151460,"comment_status":"open","ping_status":"closed","template":"","meta":[],"product_cat":[17,23],"product_tag":[],"aioseo_notices":[],"jetpack_sharing_enabled":true,"_links":{"self":[{"href":"https:\/\/pop-co.fr\/index.php\/wp-json\/wp\/v2\/product\/8199"}],"collection":[{"href":"https:\/\/pop-co.fr\/index.php\/wp-json\/wp\/v2\/product"}],"about":[{"href":"https:\/\/pop-co.fr\/index.php\/wp-json\/wp\/v2\/types\/product"}],"replies":[{"embeddable":true,"href":"https:\/\/pop-co.fr\/index.php\/wp-json\/wp\/v2\/comments?post=8199"}],"version-history":[{"count":0,"href":"https:\/\/pop-co.fr\/index.php\/wp-json\/wp\/v2\/product\/8199\/revisions"}],"wp:featuredmedia":[{"embeddable":true,"href":"https:\/\/pop-co.fr\/index.php\/wp-json\/wp\/v2\/media\/151460"}],"wp:attachment":[{"href":"https:\/\/pop-co.fr\/index.php\/wp-json\/wp\/v2\/media?parent=8199"}],"wp:term":[{"taxonomy":"product_cat","embeddable":true,"href":"https:\/\/pop-co.fr\/index.php\/wp-json\/wp\/v2\/product_cat?post=8199"},{"taxonomy":"product_tag","embeddable":true,"href":"https:\/\/pop-co.fr\/index.php\/wp-json\/wp\/v2\/product_tag?post=8199"}],"curies":[{"name":"wp","href":"https:\/\/api.w.org\/{rel}","templated":true}]}}