{"id":8201,"date":"2024-02-20T20:14:58","date_gmt":"2024-02-20T19:14:58","guid":{"rendered":"https:\/\/pop-co.fr\/index.php\/product\/tirelire-one-piece-chopper\/"},"modified":"2024-02-20T20:14:58","modified_gmt":"2024-02-20T19:14:58","slug":"tirelire-one-piece-chopper","status":"publish","type":"product","link":"https:\/\/pop-co.fr\/index.php\/product\/tirelire-one-piece-chopper\/","title":{"rendered":"TIRELIRE &#8211; ONE PIECE &#8211; Chopper"},"content":{"rendered":"<p>Tirelire de Chopper, de la s\u00e9rie anim\u00e9e One Piece, avec un dr\u00f4le de look chibi.<br \/>\nPoids net<br \/>\n0,325<br \/>\nDimensions : 18 cm environ<\/p>\n","protected":false},"excerpt":{"rendered":"<p>Tirelire de Chopper, de la s\u00e9rie anim\u00e9e One Piece, avec un dr\u00f4le de look chibi. Poids net 0,325 Dimensions : 18 cm environ<\/p>\n","protected":false},"featured_media":8200,"comment_status":"open","ping_status":"closed","template":"","meta":[],"product_cat":[17,22],"product_tag":[],"aioseo_notices":[],"jetpack_sharing_enabled":true,"_links":{"self":[{"href":"https:\/\/pop-co.fr\/index.php\/wp-json\/wp\/v2\/product\/8201"}],"collection":[{"href":"https:\/\/pop-co.fr\/index.php\/wp-json\/wp\/v2\/product"}],"about":[{"href":"https:\/\/pop-co.fr\/index.php\/wp-json\/wp\/v2\/types\/product"}],"replies":[{"embeddable":true,"href":"https:\/\/pop-co.fr\/index.php\/wp-json\/wp\/v2\/comments?post=8201"}],"version-history":[{"count":0,"href":"https:\/\/pop-co.fr\/index.php\/wp-json\/wp\/v2\/product\/8201\/revisions"}],"wp:featuredmedia":[{"embeddable":true,"href":"https:\/\/pop-co.fr\/index.php\/wp-json\/wp\/v2\/media\/8200"}],"wp:attachment":[{"href":"https:\/\/pop-co.fr\/index.php\/wp-json\/wp\/v2\/media?parent=8201"}],"wp:term":[{"taxonomy":"product_cat","embeddable":true,"href":"https:\/\/pop-co.fr\/index.php\/wp-json\/wp\/v2\/product_cat?post=8201"},{"taxonomy":"product_tag","embeddable":true,"href":"https:\/\/pop-co.fr\/index.php\/wp-json\/wp\/v2\/product_tag?post=8201"}],"curies":[{"name":"wp","href":"https:\/\/api.w.org\/{rel}","templated":true}]}}