{"id":82944,"date":"2024-05-11T11:41:44","date_gmt":"2024-05-11T09:41:44","guid":{"rendered":"https:\/\/pop-co.fr\/index.php\/product\/oshi-no-ko-ai-figurine-17cm\/"},"modified":"2025-06-28T12:43:47","modified_gmt":"2025-06-28T10:43:47","slug":"oshi-no-ko-ai-figurine-17cm","status":"publish","type":"product","link":"https:\/\/pop-co.fr\/index.php\/product\/oshi-no-ko-ai-figurine-17cm\/","title":{"rendered":"OSHI NO KO &#8211; Ai Hoshino &#8211; Figurine 17cm"},"content":{"rendered":"<p>Pop Up Parade 17cm<br \/>\nComposition : PVC<\/p>\n<p>POP UP PARADE est une s\u00e9rie de figurines faciles \u00e0 collectionner, avec des prix abordables et des sorties rapides ! Chaque figurine mesure g\u00e9n\u00e9ralement entre 17 et 18 cm de haut et la s\u00e9rie comprend une vaste s\u00e9lection de personnages issus d&rsquo;anime et de jeux populaires, et de nombreux autres seront bient\u00f4t ajout\u00e9s !<\/p>\n<p>Sculpteur : Magical Girl ? Haruyuki<\/p>\n<p>Caract\u00e9ristiques :<\/p>\n<p>Produits complets en plastique peint, sans \u00e9chelle, avec supports inclus. Environ 170 mm de hauteur.<\/p>\n","protected":false},"excerpt":{"rendered":"<p>Pop Up Parade 17cm Composition : PVC POP UP PARADE est une s\u00e9rie de figurines faciles \u00e0 collectionner, avec des prix abordables et des sorties rapides ! Chaque figurine mesure g\u00e9n\u00e9ralement entre 17 et 18 cm de haut et la s\u00e9rie comprend une vaste s\u00e9lection de personnages issus d&rsquo;anime et de jeux populaires, et de [&hellip;]<\/p>\n","protected":false},"featured_media":157112,"comment_status":"open","ping_status":"closed","template":"","meta":[],"product_cat":[17,18],"product_tag":[],"aioseo_notices":[],"jetpack_sharing_enabled":true,"_links":{"self":[{"href":"https:\/\/pop-co.fr\/index.php\/wp-json\/wp\/v2\/product\/82944"}],"collection":[{"href":"https:\/\/pop-co.fr\/index.php\/wp-json\/wp\/v2\/product"}],"about":[{"href":"https:\/\/pop-co.fr\/index.php\/wp-json\/wp\/v2\/types\/product"}],"replies":[{"embeddable":true,"href":"https:\/\/pop-co.fr\/index.php\/wp-json\/wp\/v2\/comments?post=82944"}],"version-history":[{"count":0,"href":"https:\/\/pop-co.fr\/index.php\/wp-json\/wp\/v2\/product\/82944\/revisions"}],"wp:featuredmedia":[{"embeddable":true,"href":"https:\/\/pop-co.fr\/index.php\/wp-json\/wp\/v2\/media\/157112"}],"wp:attachment":[{"href":"https:\/\/pop-co.fr\/index.php\/wp-json\/wp\/v2\/media?parent=82944"}],"wp:term":[{"taxonomy":"product_cat","embeddable":true,"href":"https:\/\/pop-co.fr\/index.php\/wp-json\/wp\/v2\/product_cat?post=82944"},{"taxonomy":"product_tag","embeddable":true,"href":"https:\/\/pop-co.fr\/index.php\/wp-json\/wp\/v2\/product_tag?post=82944"}],"curies":[{"name":"wp","href":"https:\/\/api.w.org\/{rel}","templated":true}]}}