{"id":8303,"date":"2024-02-20T20:17:59","date_gmt":"2024-02-20T19:17:59","guid":{"rendered":"https:\/\/pop-co.fr\/index.php\/product\/chibi-poster-aot-mikasa-ackermann\/"},"modified":"2025-09-03T17:35:56","modified_gmt":"2025-09-03T15:35:56","slug":"chibi-poster-aot-mikasa-ackermann","status":"publish","type":"product","link":"https:\/\/pop-co.fr\/index.php\/product\/chibi-poster-aot-mikasa-ackermann\/","title":{"rendered":"CHIBI POSTER &#8211; AOT &#8211; Mikasa Ackermann"},"content":{"rendered":"<p>Rejoignez le combat avec Mikasa de la saison 4 de l&rsquo;Attaque des Titans sur ce chibi poster ! <\/p>\n<p>&#8211; Excellent grammage : 170 g\/m\u00b2 et pelliculage brillant. Impression haute qualit\u00e9 en offset.<br \/>\n&#8211; Les posters mesurent 52 x 38 cm, en format portrait ou paysage selon les mod\u00e8les.<br \/>\n&#8211; Livr\u00e9 \u00e0 plat<\/p>\n","protected":false},"excerpt":{"rendered":"<p>Rejoignez le combat avec Mikasa de la saison 4 de l&rsquo;Attaque des Titans sur ce chibi poster ! &#8211; Excellent grammage : 170 g\/m\u00b2 et pelliculage brillant. Impression haute qualit\u00e9 en offset. &#8211; Les posters mesurent 52 x 38 cm, en format portrait ou paysage selon les mod\u00e8les. &#8211; Livr\u00e9 \u00e0 plat<\/p>\n","protected":false},"featured_media":358073,"comment_status":"open","ping_status":"closed","template":"","meta":[],"product_cat":[76],"product_tag":[],"aioseo_notices":[],"jetpack_sharing_enabled":true,"_links":{"self":[{"href":"https:\/\/pop-co.fr\/index.php\/wp-json\/wp\/v2\/product\/8303"}],"collection":[{"href":"https:\/\/pop-co.fr\/index.php\/wp-json\/wp\/v2\/product"}],"about":[{"href":"https:\/\/pop-co.fr\/index.php\/wp-json\/wp\/v2\/types\/product"}],"replies":[{"embeddable":true,"href":"https:\/\/pop-co.fr\/index.php\/wp-json\/wp\/v2\/comments?post=8303"}],"version-history":[{"count":0,"href":"https:\/\/pop-co.fr\/index.php\/wp-json\/wp\/v2\/product\/8303\/revisions"}],"wp:featuredmedia":[{"embeddable":true,"href":"https:\/\/pop-co.fr\/index.php\/wp-json\/wp\/v2\/media\/358073"}],"wp:attachment":[{"href":"https:\/\/pop-co.fr\/index.php\/wp-json\/wp\/v2\/media?parent=8303"}],"wp:term":[{"taxonomy":"product_cat","embeddable":true,"href":"https:\/\/pop-co.fr\/index.php\/wp-json\/wp\/v2\/product_cat?post=8303"},{"taxonomy":"product_tag","embeddable":true,"href":"https:\/\/pop-co.fr\/index.php\/wp-json\/wp\/v2\/product_tag?post=8303"}],"curies":[{"name":"wp","href":"https:\/\/api.w.org\/{rel}","templated":true}]}}