{"id":8338,"date":"2024-02-20T20:18:31","date_gmt":"2024-02-20T19:18:31","guid":{"rendered":"https:\/\/pop-co.fr\/index.php\/product\/t-shirt-naruto-uzumaki-naruto-et-uchiha-sasuke-taille-xxl\/"},"modified":"2025-07-29T10:56:09","modified_gmt":"2025-07-29T08:56:09","slug":"t-shirt-naruto-uzumaki-naruto-et-uchiha-sasuke-taille-xxl","status":"publish","type":"product","link":"https:\/\/pop-co.fr\/index.php\/product\/t-shirt-naruto-uzumaki-naruto-et-uchiha-sasuke-taille-xxl\/","title":{"rendered":"T-SHIRT &#8211; NARUTO &#8211; Uzumaki Naruto et Uchiha Sasuke (Taille XXL)"},"content":{"rendered":"<p>Naruto et Sasuke se battent c\u00f4te \u00e0 c\u00f4te sur ce t-shirt Naruto Shippuden. <\/p>\n<p>&#8211; Coupe tubulaire, col rond ras du cou double \u00e9paisseur en c\u00f4te 1&#215;1<br \/>\n&#8211; T-shirt d&rsquo;excellente qualit\u00e9 : 150 g\/m\u00b2, 100 % coton<br \/>\n&#8211; Mod\u00e8le homme disponible en 6 tailles : du XS au XXL<br \/>\n&#8211; Coloris : noir<\/p>\n","protected":false},"excerpt":{"rendered":"<p>Naruto et Sasuke se battent c\u00f4te \u00e0 c\u00f4te sur ce t-shirt Naruto Shippuden. &#8211; Coupe tubulaire, col rond ras du cou double \u00e9paisseur en c\u00f4te 1&#215;1 &#8211; T-shirt d&rsquo;excellente qualit\u00e9 : 150 g\/m\u00b2, 100 % coton &#8211; Mod\u00e8le homme disponible en 6 tailles : du XS au XXL &#8211; Coloris : noir<\/p>\n","protected":false},"featured_media":355801,"comment_status":"open","ping_status":"closed","template":"","meta":[],"product_cat":[47,49],"product_tag":[],"aioseo_notices":[],"jetpack_sharing_enabled":true,"_links":{"self":[{"href":"https:\/\/pop-co.fr\/index.php\/wp-json\/wp\/v2\/product\/8338"}],"collection":[{"href":"https:\/\/pop-co.fr\/index.php\/wp-json\/wp\/v2\/product"}],"about":[{"href":"https:\/\/pop-co.fr\/index.php\/wp-json\/wp\/v2\/types\/product"}],"replies":[{"embeddable":true,"href":"https:\/\/pop-co.fr\/index.php\/wp-json\/wp\/v2\/comments?post=8338"}],"version-history":[{"count":0,"href":"https:\/\/pop-co.fr\/index.php\/wp-json\/wp\/v2\/product\/8338\/revisions"}],"wp:featuredmedia":[{"embeddable":true,"href":"https:\/\/pop-co.fr\/index.php\/wp-json\/wp\/v2\/media\/355801"}],"wp:attachment":[{"href":"https:\/\/pop-co.fr\/index.php\/wp-json\/wp\/v2\/media?parent=8338"}],"wp:term":[{"taxonomy":"product_cat","embeddable":true,"href":"https:\/\/pop-co.fr\/index.php\/wp-json\/wp\/v2\/product_cat?post=8338"},{"taxonomy":"product_tag","embeddable":true,"href":"https:\/\/pop-co.fr\/index.php\/wp-json\/wp\/v2\/product_tag?post=8338"}],"curies":[{"name":"wp","href":"https:\/\/api.w.org\/{rel}","templated":true}]}}