{"id":8392,"date":"2024-02-20T20:19:21","date_gmt":"2024-02-20T19:19:21","guid":{"rendered":"https:\/\/pop-co.fr\/index.php\/product\/t-shirt-demon-slayer-kamado-tanjiro-taille-xxl\/"},"modified":"2025-07-29T10:55:43","modified_gmt":"2025-07-29T08:55:43","slug":"t-shirt-demon-slayer-kamado-tanjiro-taille-xxl","status":"publish","type":"product","link":"https:\/\/pop-co.fr\/index.php\/product\/t-shirt-demon-slayer-kamado-tanjiro-taille-xxl\/","title":{"rendered":"T-SHIRT &#8211; DEMON SLAYER &#8211; Kamado Tanjiro (Taille XXL)"},"content":{"rendered":"<p>D\u00e9mons, prenez garde ! Tanjiro est pr\u00eat pour la bataille ! Ce t-shirt Demon Slayer met en vedette Tanjiro avec son uniforme de pourfendeur et sa lame du soleil. <\/p>\n<p>&#8211; Coupe tubulaire, col rond ras du cou double \u00e9paisseur en c\u00f4te 1&#215;1<br \/>\n&#8211; T-shirt d&rsquo;excellente qualit\u00e9 : 150g\/m\u00b2, 100% coton<br \/>\n&#8211; Mod\u00e8le homme disponible en 6 tailles : du XS au XXL<br \/>\n&#8211; Coloris : noir<\/p>\n","protected":false},"excerpt":{"rendered":"<p>D\u00e9mons, prenez garde ! Tanjiro est pr\u00eat pour la bataille ! Ce t-shirt Demon Slayer met en vedette Tanjiro avec son uniforme de pourfendeur et sa lame du soleil. &#8211; Coupe tubulaire, col rond ras du cou double \u00e9paisseur en c\u00f4te 1&#215;1 &#8211; T-shirt d&rsquo;excellente qualit\u00e9 : 150g\/m\u00b2, 100% coton &#8211; Mod\u00e8le homme disponible en [&hellip;]<\/p>\n","protected":false},"featured_media":355787,"comment_status":"open","ping_status":"closed","template":"","meta":[],"product_cat":[47,49],"product_tag":[],"aioseo_notices":[],"jetpack_sharing_enabled":true,"_links":{"self":[{"href":"https:\/\/pop-co.fr\/index.php\/wp-json\/wp\/v2\/product\/8392"}],"collection":[{"href":"https:\/\/pop-co.fr\/index.php\/wp-json\/wp\/v2\/product"}],"about":[{"href":"https:\/\/pop-co.fr\/index.php\/wp-json\/wp\/v2\/types\/product"}],"replies":[{"embeddable":true,"href":"https:\/\/pop-co.fr\/index.php\/wp-json\/wp\/v2\/comments?post=8392"}],"version-history":[{"count":0,"href":"https:\/\/pop-co.fr\/index.php\/wp-json\/wp\/v2\/product\/8392\/revisions"}],"wp:featuredmedia":[{"embeddable":true,"href":"https:\/\/pop-co.fr\/index.php\/wp-json\/wp\/v2\/media\/355787"}],"wp:attachment":[{"href":"https:\/\/pop-co.fr\/index.php\/wp-json\/wp\/v2\/media?parent=8392"}],"wp:term":[{"taxonomy":"product_cat","embeddable":true,"href":"https:\/\/pop-co.fr\/index.php\/wp-json\/wp\/v2\/product_cat?post=8392"},{"taxonomy":"product_tag","embeddable":true,"href":"https:\/\/pop-co.fr\/index.php\/wp-json\/wp\/v2\/product_tag?post=8392"}],"curies":[{"name":"wp","href":"https:\/\/api.w.org\/{rel}","templated":true}]}}