{"id":8492,"date":"2024-02-20T20:20:55","date_gmt":"2024-02-20T19:20:55","guid":{"rendered":"https:\/\/pop-co.fr\/index.php\/product\/disney-stitch-ohana-figurine-sfc-10cm\/"},"modified":"2024-02-20T20:20:55","modified_gmt":"2024-02-20T19:20:55","slug":"disney-stitch-ohana-figurine-sfc-10cm","status":"publish","type":"product","link":"https:\/\/pop-co.fr\/index.php\/product\/disney-stitch-ohana-figurine-sfc-10cm\/","title":{"rendered":"DISNEY &#8211; Stitch Ohana &#8211; Figurine SFC 10cm"},"content":{"rendered":"<p>L\u2019alien le plus populaire et attendrissant de la Galaxy, Stitch, vient d\u2019\u00eatre captur\u00e9. Entour\u00e9 de canetons, il lit attentivement le livre de Lilo, Le Vilain Petit Canard. Stitch nous rappelle ici l\u2019importance et la signification d&rsquo;Ohana. \u00ab Ohana signifie famille. Famille signifie que personne ne doit \u00eatre abandonn\u00e9, ni oubli\u00e9 \u00bb <\/p>\n<p>&#8211; Figurine PVC de gamme Super Figure Collection (SFC)<br \/>\n&#8211; Hauteur : 10 cm<br \/>\n&#8211; Retrouvez Stitch accompagn\u00e9 de la maxime \u00ab\u00a0Ohana means family\u00a0\u00bb<\/p>\n","protected":false},"excerpt":{"rendered":"<p>L\u2019alien le plus populaire et attendrissant de la Galaxy, Stitch, vient d\u2019\u00eatre captur\u00e9. Entour\u00e9 de canetons, il lit attentivement le livre de Lilo, Le Vilain Petit Canard. Stitch nous rappelle ici l\u2019importance et la signification d&rsquo;Ohana. \u00ab Ohana signifie famille. Famille signifie que personne ne doit \u00eatre abandonn\u00e9, ni oubli\u00e9 \u00bb &#8211; Figurine PVC de [&hellip;]<\/p>\n","protected":false},"featured_media":8488,"comment_status":"open","ping_status":"closed","template":"","meta":[],"product_cat":[29,30],"product_tag":[],"aioseo_notices":[],"jetpack_sharing_enabled":true,"_links":{"self":[{"href":"https:\/\/pop-co.fr\/index.php\/wp-json\/wp\/v2\/product\/8492"}],"collection":[{"href":"https:\/\/pop-co.fr\/index.php\/wp-json\/wp\/v2\/product"}],"about":[{"href":"https:\/\/pop-co.fr\/index.php\/wp-json\/wp\/v2\/types\/product"}],"replies":[{"embeddable":true,"href":"https:\/\/pop-co.fr\/index.php\/wp-json\/wp\/v2\/comments?post=8492"}],"version-history":[{"count":0,"href":"https:\/\/pop-co.fr\/index.php\/wp-json\/wp\/v2\/product\/8492\/revisions"}],"wp:featuredmedia":[{"embeddable":true,"href":"https:\/\/pop-co.fr\/index.php\/wp-json\/wp\/v2\/media\/8488"}],"wp:attachment":[{"href":"https:\/\/pop-co.fr\/index.php\/wp-json\/wp\/v2\/media?parent=8492"}],"wp:term":[{"taxonomy":"product_cat","embeddable":true,"href":"https:\/\/pop-co.fr\/index.php\/wp-json\/wp\/v2\/product_cat?post=8492"},{"taxonomy":"product_tag","embeddable":true,"href":"https:\/\/pop-co.fr\/index.php\/wp-json\/wp\/v2\/product_tag?post=8492"}],"curies":[{"name":"wp","href":"https:\/\/api.w.org\/{rel}","templated":true}]}}