{"id":8530,"date":"2024-02-20T20:21:31","date_gmt":"2024-02-20T19:21:31","guid":{"rendered":"https:\/\/pop-co.fr\/index.php\/product\/casquette-mortal-kombat-logo\/"},"modified":"2025-07-29T10:55:10","modified_gmt":"2025-07-29T08:55:10","slug":"casquette-mortal-kombat-logo","status":"publish","type":"product","link":"https:\/\/pop-co.fr\/index.php\/product\/casquette-mortal-kombat-logo\/","title":{"rendered":"CASQUETTE &#8211; MORTAL KOMBAT &#8211; Logo"},"content":{"rendered":"<p>Pr\u00e9parez-vous \u00e0 encha\u00eener les \u00ab\u00a0Flawless Victories\u00a0\u00bb avec cette casquette Mortal Kombat. Vos adversaires trembleront de peur de se prendre un Fatality en voyant leurs points de vie descendre, en route vers la victoire du Mortal Kombat ! <\/p>\n<p>&#8211; Casquette en polyester<br \/>\n&#8211; Broderie de haute qualit\u00e9.<br \/>\n&#8211; Taille unique r\u00e9glable.<br \/>\n&#8211; Coloris Noir.<\/p>\n","protected":false},"excerpt":{"rendered":"<p>Pr\u00e9parez-vous \u00e0 encha\u00eener les \u00ab\u00a0Flawless Victories\u00a0\u00bb avec cette casquette Mortal Kombat. Vos adversaires trembleront de peur de se prendre un Fatality en voyant leurs points de vie descendre, en route vers la victoire du Mortal Kombat ! &#8211; Casquette en polyester &#8211; Broderie de haute qualit\u00e9. &#8211; Taille unique r\u00e9glable. &#8211; Coloris Noir.<\/p>\n","protected":false},"featured_media":355758,"comment_status":"open","ping_status":"closed","template":"","meta":[],"product_cat":[47,50],"product_tag":[],"aioseo_notices":[],"jetpack_sharing_enabled":true,"_links":{"self":[{"href":"https:\/\/pop-co.fr\/index.php\/wp-json\/wp\/v2\/product\/8530"}],"collection":[{"href":"https:\/\/pop-co.fr\/index.php\/wp-json\/wp\/v2\/product"}],"about":[{"href":"https:\/\/pop-co.fr\/index.php\/wp-json\/wp\/v2\/types\/product"}],"replies":[{"embeddable":true,"href":"https:\/\/pop-co.fr\/index.php\/wp-json\/wp\/v2\/comments?post=8530"}],"version-history":[{"count":0,"href":"https:\/\/pop-co.fr\/index.php\/wp-json\/wp\/v2\/product\/8530\/revisions"}],"wp:featuredmedia":[{"embeddable":true,"href":"https:\/\/pop-co.fr\/index.php\/wp-json\/wp\/v2\/media\/355758"}],"wp:attachment":[{"href":"https:\/\/pop-co.fr\/index.php\/wp-json\/wp\/v2\/media?parent=8530"}],"wp:term":[{"taxonomy":"product_cat","embeddable":true,"href":"https:\/\/pop-co.fr\/index.php\/wp-json\/wp\/v2\/product_cat?post=8530"},{"taxonomy":"product_tag","embeddable":true,"href":"https:\/\/pop-co.fr\/index.php\/wp-json\/wp\/v2\/product_tag?post=8530"}],"curies":[{"name":"wp","href":"https:\/\/api.w.org\/{rel}","templated":true}]}}