{"id":8540,"date":"2024-02-20T20:21:40","date_gmt":"2024-02-20T19:21:40","guid":{"rendered":"https:\/\/pop-co.fr\/index.php\/product\/casquette-yu-gi-oh-puzzle-du-millenium\/"},"modified":"2025-11-20T12:27:45","modified_gmt":"2025-11-20T11:27:45","slug":"casquette-yu-gi-oh-puzzle-du-millenium","status":"publish","type":"product","link":"https:\/\/pop-co.fr\/index.php\/product\/casquette-yu-gi-oh-puzzle-du-millenium\/","title":{"rendered":"CASQUETTE &#8211; YU-GI-OH &#8211; Puzzle du millenium"},"content":{"rendered":"<p>Soyez toujours pr\u00eat \u00e0 vous lancer dans un duel de monstre avec votre casquette Yu-Gi-Oh ! Attention, le symbole du puzzle du millenium sur le front ne vous fera pas automatiquement gagner la partie, seul votre talent et strat\u00e9gie le pourront ! <\/p>\n<p>&#8211; Casquette en polyester<br \/>\n&#8211; Broderie de haute qualit\u00e9.<br \/>\n&#8211; Taille unique r\u00e9glable.<br \/>\n&#8211; Coloris Noir.<\/p>\n","protected":false},"excerpt":{"rendered":"<p>Soyez toujours pr\u00eat \u00e0 vous lancer dans un duel de monstre avec votre casquette Yu-Gi-Oh ! Attention, le symbole du puzzle du millenium sur le front ne vous fera pas automatiquement gagner la partie, seul votre talent et strat\u00e9gie le pourront ! &#8211; Casquette en polyester &#8211; Broderie de haute qualit\u00e9. &#8211; Taille unique r\u00e9glable. [&hellip;]<\/p>\n","protected":false},"featured_media":358817,"comment_status":"open","ping_status":"closed","template":"","meta":[],"product_cat":[47,50],"product_tag":[],"aioseo_notices":[],"jetpack_sharing_enabled":true,"_links":{"self":[{"href":"https:\/\/pop-co.fr\/index.php\/wp-json\/wp\/v2\/product\/8540"}],"collection":[{"href":"https:\/\/pop-co.fr\/index.php\/wp-json\/wp\/v2\/product"}],"about":[{"href":"https:\/\/pop-co.fr\/index.php\/wp-json\/wp\/v2\/types\/product"}],"replies":[{"embeddable":true,"href":"https:\/\/pop-co.fr\/index.php\/wp-json\/wp\/v2\/comments?post=8540"}],"version-history":[{"count":0,"href":"https:\/\/pop-co.fr\/index.php\/wp-json\/wp\/v2\/product\/8540\/revisions"}],"wp:featuredmedia":[{"embeddable":true,"href":"https:\/\/pop-co.fr\/index.php\/wp-json\/wp\/v2\/media\/358817"}],"wp:attachment":[{"href":"https:\/\/pop-co.fr\/index.php\/wp-json\/wp\/v2\/media?parent=8540"}],"wp:term":[{"taxonomy":"product_cat","embeddable":true,"href":"https:\/\/pop-co.fr\/index.php\/wp-json\/wp\/v2\/product_cat?post=8540"},{"taxonomy":"product_tag","embeddable":true,"href":"https:\/\/pop-co.fr\/index.php\/wp-json\/wp\/v2\/product_tag?post=8540"}],"curies":[{"name":"wp","href":"https:\/\/api.w.org\/{rel}","templated":true}]}}