{"id":8560,"date":"2024-02-20T20:21:58","date_gmt":"2024-02-20T19:21:58","guid":{"rendered":"https:\/\/pop-co.fr\/index.php\/product\/casquette-snap-one-punch-man-poings\/"},"modified":"2025-07-29T10:54:56","modified_gmt":"2025-07-29T08:54:56","slug":"casquette-snap-one-punch-man-poings","status":"publish","type":"product","link":"https:\/\/pop-co.fr\/index.php\/product\/casquette-snap-one-punch-man-poings\/","title":{"rendered":"CASQUETTE SNAP &#8211; ONE PUNCH MAN &#8211; Poings"},"content":{"rendered":"<p>Retrouvez le coup de poing le plus puissant sur cette g\u00e9niale casquette One Punch Man ! <\/p>\n<p>&#8211; Casquette en polyester<br \/>\n&#8211; Broderie de haute qualit\u00e9.<br \/>\n&#8211; Taille r\u00e9glable.<br \/>\n&#8211; Coloris : beige et rouge<\/p>\n","protected":false},"excerpt":{"rendered":"<p>Retrouvez le coup de poing le plus puissant sur cette g\u00e9niale casquette One Punch Man ! &#8211; Casquette en polyester &#8211; Broderie de haute qualit\u00e9. &#8211; Taille r\u00e9glable. &#8211; Coloris : beige et rouge<\/p>\n","protected":false},"featured_media":355746,"comment_status":"open","ping_status":"closed","template":"","meta":[],"product_cat":[47,50],"product_tag":[],"aioseo_notices":[],"jetpack_sharing_enabled":true,"_links":{"self":[{"href":"https:\/\/pop-co.fr\/index.php\/wp-json\/wp\/v2\/product\/8560"}],"collection":[{"href":"https:\/\/pop-co.fr\/index.php\/wp-json\/wp\/v2\/product"}],"about":[{"href":"https:\/\/pop-co.fr\/index.php\/wp-json\/wp\/v2\/types\/product"}],"replies":[{"embeddable":true,"href":"https:\/\/pop-co.fr\/index.php\/wp-json\/wp\/v2\/comments?post=8560"}],"version-history":[{"count":0,"href":"https:\/\/pop-co.fr\/index.php\/wp-json\/wp\/v2\/product\/8560\/revisions"}],"wp:featuredmedia":[{"embeddable":true,"href":"https:\/\/pop-co.fr\/index.php\/wp-json\/wp\/v2\/media\/355746"}],"wp:attachment":[{"href":"https:\/\/pop-co.fr\/index.php\/wp-json\/wp\/v2\/media?parent=8560"}],"wp:term":[{"taxonomy":"product_cat","embeddable":true,"href":"https:\/\/pop-co.fr\/index.php\/wp-json\/wp\/v2\/product_cat?post=8560"},{"taxonomy":"product_tag","embeddable":true,"href":"https:\/\/pop-co.fr\/index.php\/wp-json\/wp\/v2\/product_tag?post=8560"}],"curies":[{"name":"wp","href":"https:\/\/api.w.org\/{rel}","templated":true}]}}