{"id":8575,"date":"2024-02-20T20:22:12","date_gmt":"2024-02-20T19:22:12","guid":{"rendered":"https:\/\/pop-co.fr\/index.php\/product\/casquette-naruto-akatsuki\/"},"modified":"2025-06-28T14:37:02","modified_gmt":"2025-06-28T12:37:02","slug":"casquette-naruto-akatsuki","status":"publish","type":"product","link":"https:\/\/pop-co.fr\/index.php\/product\/casquette-naruto-akatsuki\/","title":{"rendered":"CASQUETTE &#8211; NARUTO &#8211; Akatsuki"},"content":{"rendered":"<p>Retrouvez le c\u00e9l\u00e8bre nuage \u00e0 l&rsquo;avant et le symbole Akatsuki au dos de cette superbe casquette Naruto Shippuden. <\/p>\n<p>&#8211; Casquette en polyester<br \/>\n&#8211; Broderie de haute qualit\u00e9.<br \/>\n&#8211; Taille r\u00e9glable.<br \/>\n&#8211; Coloris : noir et rouge<\/p>\n","protected":false},"excerpt":{"rendered":"<p>Retrouvez le c\u00e9l\u00e8bre nuage \u00e0 l&rsquo;avant et le symbole Akatsuki au dos de cette superbe casquette Naruto Shippuden. &#8211; Casquette en polyester &#8211; Broderie de haute qualit\u00e9. &#8211; Taille r\u00e9glable. &#8211; Coloris : noir et rouge<\/p>\n","protected":false},"featured_media":0,"comment_status":"open","ping_status":"closed","template":"","meta":[],"product_cat":[47,50],"product_tag":[],"aioseo_notices":[],"jetpack_sharing_enabled":true,"_links":{"self":[{"href":"https:\/\/pop-co.fr\/index.php\/wp-json\/wp\/v2\/product\/8575"}],"collection":[{"href":"https:\/\/pop-co.fr\/index.php\/wp-json\/wp\/v2\/product"}],"about":[{"href":"https:\/\/pop-co.fr\/index.php\/wp-json\/wp\/v2\/types\/product"}],"replies":[{"embeddable":true,"href":"https:\/\/pop-co.fr\/index.php\/wp-json\/wp\/v2\/comments?post=8575"}],"version-history":[{"count":0,"href":"https:\/\/pop-co.fr\/index.php\/wp-json\/wp\/v2\/product\/8575\/revisions"}],"wp:attachment":[{"href":"https:\/\/pop-co.fr\/index.php\/wp-json\/wp\/v2\/media?parent=8575"}],"wp:term":[{"taxonomy":"product_cat","embeddable":true,"href":"https:\/\/pop-co.fr\/index.php\/wp-json\/wp\/v2\/product_cat?post=8575"},{"taxonomy":"product_tag","embeddable":true,"href":"https:\/\/pop-co.fr\/index.php\/wp-json\/wp\/v2\/product_tag?post=8575"}],"curies":[{"name":"wp","href":"https:\/\/api.w.org\/{rel}","templated":true}]}}