{"id":8584,"date":"2024-02-20T20:22:21","date_gmt":"2024-02-20T19:22:21","guid":{"rendered":"https:\/\/pop-co.fr\/index.php\/product\/casquette-snap-game-of-thrones-targaryen\/"},"modified":"2025-07-29T10:54:38","modified_gmt":"2025-07-29T08:54:38","slug":"casquette-snap-game-of-thrones-targaryen","status":"publish","type":"product","link":"https:\/\/pop-co.fr\/index.php\/product\/casquette-snap-game-of-thrones-targaryen\/","title":{"rendered":"CASQUETTE SNAP &#8211; GAME OF THRONES &#8211; Targaryen"},"content":{"rendered":"<p>Si vous voulez si\u00e9ger sur le Tr\u00f4ne de Fer et vivre \u00e0 Port-R\u00e9al comme le Roi Fou, prenez garde \u00e0 ce que le soleil ne vous tape pas trop sur la t\u00eate avec cette casquette Game of Thrones et son embl\u00e8me Targaryen ! <\/p>\n<p>&#8211; Casquette en polyester<br \/>\n&#8211; Broderie de haute qualit\u00e9.<br \/>\n&#8211; Taille r\u00e9glable.<br \/>\n&#8211; Coloris : noir et rouge<\/p>\n","protected":false},"excerpt":{"rendered":"<p>Si vous voulez si\u00e9ger sur le Tr\u00f4ne de Fer et vivre \u00e0 Port-R\u00e9al comme le Roi Fou, prenez garde \u00e0 ce que le soleil ne vous tape pas trop sur la t\u00eate avec cette casquette Game of Thrones et son embl\u00e8me Targaryen ! &#8211; Casquette en polyester &#8211; Broderie de haute qualit\u00e9. &#8211; Taille r\u00e9glable. [&hellip;]<\/p>\n","protected":false},"featured_media":355733,"comment_status":"open","ping_status":"closed","template":"","meta":[],"product_cat":[47,50],"product_tag":[],"aioseo_notices":[],"jetpack_sharing_enabled":true,"_links":{"self":[{"href":"https:\/\/pop-co.fr\/index.php\/wp-json\/wp\/v2\/product\/8584"}],"collection":[{"href":"https:\/\/pop-co.fr\/index.php\/wp-json\/wp\/v2\/product"}],"about":[{"href":"https:\/\/pop-co.fr\/index.php\/wp-json\/wp\/v2\/types\/product"}],"replies":[{"embeddable":true,"href":"https:\/\/pop-co.fr\/index.php\/wp-json\/wp\/v2\/comments?post=8584"}],"version-history":[{"count":0,"href":"https:\/\/pop-co.fr\/index.php\/wp-json\/wp\/v2\/product\/8584\/revisions"}],"wp:featuredmedia":[{"embeddable":true,"href":"https:\/\/pop-co.fr\/index.php\/wp-json\/wp\/v2\/media\/355733"}],"wp:attachment":[{"href":"https:\/\/pop-co.fr\/index.php\/wp-json\/wp\/v2\/media?parent=8584"}],"wp:term":[{"taxonomy":"product_cat","embeddable":true,"href":"https:\/\/pop-co.fr\/index.php\/wp-json\/wp\/v2\/product_cat?post=8584"},{"taxonomy":"product_tag","embeddable":true,"href":"https:\/\/pop-co.fr\/index.php\/wp-json\/wp\/v2\/product_tag?post=8584"}],"curies":[{"name":"wp","href":"https:\/\/api.w.org\/{rel}","templated":true}]}}