{"id":8588,"date":"2024-02-20T20:22:25","date_gmt":"2024-02-20T19:22:25","guid":{"rendered":"https:\/\/pop-co.fr\/index.php\/product\/casquette-snap-game-of-thrones-stark\/"},"modified":"2025-07-29T10:54:33","modified_gmt":"2025-07-29T08:54:33","slug":"casquette-snap-game-of-thrones-stark","status":"publish","type":"product","link":"https:\/\/pop-co.fr\/index.php\/product\/casquette-snap-game-of-thrones-stark\/","title":{"rendered":"CASQUETTE SNAP &#8211; GAME OF THRONES &#8211; Stark"},"content":{"rendered":"<p>On le sait, les membres de la maison Stark sont habitu\u00e9s \u00e0 l&rsquo;hiver ! Si vous craignez le chaud tout comme la famille Stark cette casquette Game of Thrones vous prot\u00e9gera des chaleurs du sud de Westeros ! <\/p>\n<p>&#8211; Casquette en polyester<br \/>\n&#8211; Broderie de haute qualit\u00e9.<br \/>\n&#8211; Taille r\u00e9glable.<br \/>\n&#8211; Coloris : noir et gris<\/p>\n","protected":false},"excerpt":{"rendered":"<p>On le sait, les membres de la maison Stark sont habitu\u00e9s \u00e0 l&rsquo;hiver ! Si vous craignez le chaud tout comme la famille Stark cette casquette Game of Thrones vous prot\u00e9gera des chaleurs du sud de Westeros ! &#8211; Casquette en polyester &#8211; Broderie de haute qualit\u00e9. &#8211; Taille r\u00e9glable. &#8211; Coloris : noir et [&hellip;]<\/p>\n","protected":false},"featured_media":355730,"comment_status":"open","ping_status":"closed","template":"","meta":[],"product_cat":[47,50],"product_tag":[],"aioseo_notices":[],"jetpack_sharing_enabled":true,"_links":{"self":[{"href":"https:\/\/pop-co.fr\/index.php\/wp-json\/wp\/v2\/product\/8588"}],"collection":[{"href":"https:\/\/pop-co.fr\/index.php\/wp-json\/wp\/v2\/product"}],"about":[{"href":"https:\/\/pop-co.fr\/index.php\/wp-json\/wp\/v2\/types\/product"}],"replies":[{"embeddable":true,"href":"https:\/\/pop-co.fr\/index.php\/wp-json\/wp\/v2\/comments?post=8588"}],"version-history":[{"count":0,"href":"https:\/\/pop-co.fr\/index.php\/wp-json\/wp\/v2\/product\/8588\/revisions"}],"wp:featuredmedia":[{"embeddable":true,"href":"https:\/\/pop-co.fr\/index.php\/wp-json\/wp\/v2\/media\/355730"}],"wp:attachment":[{"href":"https:\/\/pop-co.fr\/index.php\/wp-json\/wp\/v2\/media?parent=8588"}],"wp:term":[{"taxonomy":"product_cat","embeddable":true,"href":"https:\/\/pop-co.fr\/index.php\/wp-json\/wp\/v2\/product_cat?post=8588"},{"taxonomy":"product_tag","embeddable":true,"href":"https:\/\/pop-co.fr\/index.php\/wp-json\/wp\/v2\/product_tag?post=8588"}],"curies":[{"name":"wp","href":"https:\/\/api.w.org\/{rel}","templated":true}]}}