{"id":8630,"date":"2024-02-20T20:23:05","date_gmt":"2024-02-20T19:23:05","guid":{"rendered":"https:\/\/pop-co.fr\/index.php\/product\/trousse-de-toilette-dragon-ball-goku\/"},"modified":"2025-06-28T14:37:23","modified_gmt":"2025-06-28T12:37:23","slug":"trousse-de-toilette-dragon-ball-goku","status":"publish","type":"product","link":"https:\/\/pop-co.fr\/index.php\/product\/trousse-de-toilette-dragon-ball-goku\/","title":{"rendered":"TROUSSE DE TOILETTE &#8211; DRAGON BALL &#8211; Goku"},"content":{"rendered":"<p>Ramenez chez vous cette nouvelle trousse de toilette de grande qualit\u00e9, avec un design special inspir\u00e9 de la tenue d&rsquo;\u00e9cole de Tortue Genial, avec le Kanji Kame et la taille id\u00e9al pour l&#8217;emmener partout. Profitez de votre passion pour Dragon Ball et d\u00e9montrez le avec cette nouvelle trousse de toilette de votre anim\u00e9 pr\u00e9f\u00e9r\u00e9.<\/p>\n<p>Note : Accessoires extra non inclus dans le pack, se vende s\u00e9par\u00e9ment.<\/p>\n<p>Article officiel de Dragon Ball.<\/p>\n<p>Age recommand\u00e9e : 3 ans ou plus.<\/p>\n<p>Collection : Dragon Ball.<\/p>\n<p>Inclus : 1 trousse de toilette de Dragon Ball de couleur orange avec le Kanji Kame de Tortue Genial, large espace int\u00e9rieur, boutons-pression, espace extensible, fermeture \u00e0 glissi\u00e8re avec tirette sp\u00e9ciale Dragon Ball, et poign\u00e9e de transport.<\/p>\n<p>Mesure approximative de la trousse de toilette : 13 cm de hauteur, 25 cm de largeur et 16 cm de profondeur<\/p>\n","protected":false},"excerpt":{"rendered":"<p>Ramenez chez vous cette nouvelle trousse de toilette de grande qualit\u00e9, avec un design special inspir\u00e9 de la tenue d&rsquo;\u00e9cole de Tortue Genial, avec le Kanji Kame et la taille id\u00e9al pour l&#8217;emmener partout. Profitez de votre passion pour Dragon Ball et d\u00e9montrez le avec cette nouvelle trousse de toilette de votre anim\u00e9 pr\u00e9f\u00e9r\u00e9. Note [&hellip;]<\/p>\n","protected":false},"featured_media":163645,"comment_status":"open","ping_status":"closed","template":"","meta":[],"product_cat":[23,17],"product_tag":[],"aioseo_notices":[],"jetpack_sharing_enabled":true,"_links":{"self":[{"href":"https:\/\/pop-co.fr\/index.php\/wp-json\/wp\/v2\/product\/8630"}],"collection":[{"href":"https:\/\/pop-co.fr\/index.php\/wp-json\/wp\/v2\/product"}],"about":[{"href":"https:\/\/pop-co.fr\/index.php\/wp-json\/wp\/v2\/types\/product"}],"replies":[{"embeddable":true,"href":"https:\/\/pop-co.fr\/index.php\/wp-json\/wp\/v2\/comments?post=8630"}],"version-history":[{"count":0,"href":"https:\/\/pop-co.fr\/index.php\/wp-json\/wp\/v2\/product\/8630\/revisions"}],"wp:featuredmedia":[{"embeddable":true,"href":"https:\/\/pop-co.fr\/index.php\/wp-json\/wp\/v2\/media\/163645"}],"wp:attachment":[{"href":"https:\/\/pop-co.fr\/index.php\/wp-json\/wp\/v2\/media?parent=8630"}],"wp:term":[{"taxonomy":"product_cat","embeddable":true,"href":"https:\/\/pop-co.fr\/index.php\/wp-json\/wp\/v2\/product_cat?post=8630"},{"taxonomy":"product_tag","embeddable":true,"href":"https:\/\/pop-co.fr\/index.php\/wp-json\/wp\/v2\/product_tag?post=8630"}],"curies":[{"name":"wp","href":"https:\/\/api.w.org\/{rel}","templated":true}]}}