{"id":8952,"date":"2024-02-20T20:28:48","date_gmt":"2024-02-20T19:28:48","guid":{"rendered":"https:\/\/pop-co.fr\/index.php\/product\/boite-ceramique-disney-blanche-neige\/"},"modified":"2025-07-29T10:51:23","modified_gmt":"2025-07-29T08:51:23","slug":"boite-ceramique-disney-blanche-neige","status":"publish","type":"product","link":"https:\/\/pop-co.fr\/index.php\/product\/boite-ceramique-disney-blanche-neige\/","title":{"rendered":"BOITE CERAMIQUE &#8211; DISNEY &#8211; Blanche Neige"},"content":{"rendered":"<p>Dolomite &#8211; Nettoyage \u00e0 l&rsquo;eau uniquement<br \/>\nCapacit\u00e9 : 35ml<br \/>\nEmballage : Autocollant<br \/>\nProduits d\u00e9riv\u00e9s de Blanche-Neige de Disney sous licence officielle de Half Moon Bay<\/p>\n","protected":false},"excerpt":{"rendered":"<p>Dolomite &#8211; Nettoyage \u00e0 l&rsquo;eau uniquement Capacit\u00e9 : 35ml Emballage : Autocollant Produits d\u00e9riv\u00e9s de Blanche-Neige de Disney sous licence officielle de Half Moon Bay<\/p>\n","protected":false},"featured_media":355640,"comment_status":"open","ping_status":"closed","template":"","meta":[],"product_cat":[29],"product_tag":[],"aioseo_notices":[],"jetpack_sharing_enabled":true,"_links":{"self":[{"href":"https:\/\/pop-co.fr\/index.php\/wp-json\/wp\/v2\/product\/8952"}],"collection":[{"href":"https:\/\/pop-co.fr\/index.php\/wp-json\/wp\/v2\/product"}],"about":[{"href":"https:\/\/pop-co.fr\/index.php\/wp-json\/wp\/v2\/types\/product"}],"replies":[{"embeddable":true,"href":"https:\/\/pop-co.fr\/index.php\/wp-json\/wp\/v2\/comments?post=8952"}],"version-history":[{"count":0,"href":"https:\/\/pop-co.fr\/index.php\/wp-json\/wp\/v2\/product\/8952\/revisions"}],"wp:featuredmedia":[{"embeddable":true,"href":"https:\/\/pop-co.fr\/index.php\/wp-json\/wp\/v2\/media\/355640"}],"wp:attachment":[{"href":"https:\/\/pop-co.fr\/index.php\/wp-json\/wp\/v2\/media?parent=8952"}],"wp:term":[{"taxonomy":"product_cat","embeddable":true,"href":"https:\/\/pop-co.fr\/index.php\/wp-json\/wp\/v2\/product_cat?post=8952"},{"taxonomy":"product_tag","embeddable":true,"href":"https:\/\/pop-co.fr\/index.php\/wp-json\/wp\/v2\/product_tag?post=8952"}],"curies":[{"name":"wp","href":"https:\/\/api.w.org\/{rel}","templated":true}]}}