{"id":8954,"date":"2024-02-20T20:28:51","date_gmt":"2024-02-20T19:28:51","guid":{"rendered":"https:\/\/pop-co.fr\/index.php\/product\/boite-ceramique-disney-cendrillon\/"},"modified":"2025-07-29T10:51:20","modified_gmt":"2025-07-29T08:51:20","slug":"boite-ceramique-disney-cendrillon","status":"publish","type":"product","link":"https:\/\/pop-co.fr\/index.php\/product\/boite-ceramique-disney-cendrillon\/","title":{"rendered":"BOITE CERAMIQUE &#8211; DISNEY &#8211; Cendrillon"},"content":{"rendered":"<p>Dolomite &#8211; Nettoyage \u00e0 sec uniquement<br \/>\nCapacit\u00e9 : 35ml<br \/>\nEmballage : Bo\u00eete cadeau<br \/>\nArticles de Disney&rsquo;s Cinderella sous licence officielle de Half Moon Bay<\/p>\n","protected":false},"excerpt":{"rendered":"<p>Dolomite &#8211; Nettoyage \u00e0 sec uniquement Capacit\u00e9 : 35ml Emballage : Bo\u00eete cadeau Articles de Disney&rsquo;s Cinderella sous licence officielle de Half Moon Bay<\/p>\n","protected":false},"featured_media":355639,"comment_status":"open","ping_status":"closed","template":"","meta":[],"product_cat":[29],"product_tag":[],"aioseo_notices":[],"jetpack_sharing_enabled":true,"_links":{"self":[{"href":"https:\/\/pop-co.fr\/index.php\/wp-json\/wp\/v2\/product\/8954"}],"collection":[{"href":"https:\/\/pop-co.fr\/index.php\/wp-json\/wp\/v2\/product"}],"about":[{"href":"https:\/\/pop-co.fr\/index.php\/wp-json\/wp\/v2\/types\/product"}],"replies":[{"embeddable":true,"href":"https:\/\/pop-co.fr\/index.php\/wp-json\/wp\/v2\/comments?post=8954"}],"version-history":[{"count":0,"href":"https:\/\/pop-co.fr\/index.php\/wp-json\/wp\/v2\/product\/8954\/revisions"}],"wp:featuredmedia":[{"embeddable":true,"href":"https:\/\/pop-co.fr\/index.php\/wp-json\/wp\/v2\/media\/355639"}],"wp:attachment":[{"href":"https:\/\/pop-co.fr\/index.php\/wp-json\/wp\/v2\/media?parent=8954"}],"wp:term":[{"taxonomy":"product_cat","embeddable":true,"href":"https:\/\/pop-co.fr\/index.php\/wp-json\/wp\/v2\/product_cat?post=8954"},{"taxonomy":"product_tag","embeddable":true,"href":"https:\/\/pop-co.fr\/index.php\/wp-json\/wp\/v2\/product_tag?post=8954"}],"curies":[{"name":"wp","href":"https:\/\/api.w.org\/{rel}","templated":true}]}}