{"id":8974,"date":"2024-02-20T20:29:16","date_gmt":"2024-02-20T19:29:16","guid":{"rendered":"https:\/\/pop-co.fr\/index.php\/product\/boite-ceramique-disney-lampe-magique-aladdin\/"},"modified":"2025-06-28T14:39:51","modified_gmt":"2025-06-28T12:39:51","slug":"boite-ceramique-disney-lampe-magique-aladdin","status":"publish","type":"product","link":"https:\/\/pop-co.fr\/index.php\/product\/boite-ceramique-disney-lampe-magique-aladdin\/","title":{"rendered":"BOITE CERAMIQUE &#8211; DISNEY &#8211; Lampe magique (Aladdin)"},"content":{"rendered":"<p>Une gamme exclusive de Half Moon Bay By Design<br \/>\nDolomite &#8211; Nettoyage \u00e0 sec uniquement<br \/>\nCapacit\u00e9 : 180ml<br \/>\nEmballage : Bo\u00eete cadeau<br \/>\nProduits d\u00e9riv\u00e9s de Disney&rsquo;s Aladdin sous licence officielle de Half Moon Bay<\/p>\n","protected":false},"excerpt":{"rendered":"<p>Une gamme exclusive de Half Moon Bay By Design Dolomite &#8211; Nettoyage \u00e0 sec uniquement Capacit\u00e9 : 180ml Emballage : Bo\u00eete cadeau Produits d\u00e9riv\u00e9s de Disney&rsquo;s Aladdin sous licence officielle de Half Moon Bay<\/p>\n","protected":false},"featured_media":151857,"comment_status":"open","ping_status":"closed","template":"","meta":[],"product_cat":[29],"product_tag":[],"aioseo_notices":[],"jetpack_sharing_enabled":true,"_links":{"self":[{"href":"https:\/\/pop-co.fr\/index.php\/wp-json\/wp\/v2\/product\/8974"}],"collection":[{"href":"https:\/\/pop-co.fr\/index.php\/wp-json\/wp\/v2\/product"}],"about":[{"href":"https:\/\/pop-co.fr\/index.php\/wp-json\/wp\/v2\/types\/product"}],"replies":[{"embeddable":true,"href":"https:\/\/pop-co.fr\/index.php\/wp-json\/wp\/v2\/comments?post=8974"}],"version-history":[{"count":0,"href":"https:\/\/pop-co.fr\/index.php\/wp-json\/wp\/v2\/product\/8974\/revisions"}],"wp:featuredmedia":[{"embeddable":true,"href":"https:\/\/pop-co.fr\/index.php\/wp-json\/wp\/v2\/media\/151857"}],"wp:attachment":[{"href":"https:\/\/pop-co.fr\/index.php\/wp-json\/wp\/v2\/media?parent=8974"}],"wp:term":[{"taxonomy":"product_cat","embeddable":true,"href":"https:\/\/pop-co.fr\/index.php\/wp-json\/wp\/v2\/product_cat?post=8974"},{"taxonomy":"product_tag","embeddable":true,"href":"https:\/\/pop-co.fr\/index.php\/wp-json\/wp\/v2\/product_tag?post=8974"}],"curies":[{"name":"wp","href":"https:\/\/api.w.org\/{rel}","templated":true}]}}