{"id":91856,"date":"2024-05-16T16:39:01","date_gmt":"2024-05-16T14:39:01","guid":{"rendered":"https:\/\/pop-co.fr\/index.php\/product\/baumes-a-levre-x2-nbx-jack-skellington-et-pierre-tombale\/"},"modified":"2025-09-18T15:23:07","modified_gmt":"2025-09-18T13:23:07","slug":"baumes-a-levre-x2-nbx-jack-skellington-et-pierre-tombale","status":"publish","type":"product","link":"https:\/\/pop-co.fr\/index.php\/product\/baumes-a-levre-x2-nbx-jack-skellington-et-pierre-tombale\/","title":{"rendered":"BAUMES A LEVRES X2 &#8211; NBX &#8211; Jack Skellington et pierre tombale"},"content":{"rendered":"<p>\u00c9gayez les l\u00e8vres ternes avec ce duo de baumes \u00e0 l\u00e8vres moul\u00e9s. Un baume parfum\u00e9 \u00e0 la prune inspir\u00e9 de Jack Skellington et un design parfum\u00e9 \u00e0 la vanille en forme de cercueil donnent tous deux aux l\u00e8vres une dose suppl\u00e9mentaire d&rsquo;humidit\u00e9 pour les garder douces.<\/p>\n","protected":false},"excerpt":{"rendered":"<p>\u00c9gayez les l\u00e8vres ternes avec ce duo de baumes \u00e0 l\u00e8vres moul\u00e9s. Un baume parfum\u00e9 \u00e0 la prune inspir\u00e9 de Jack Skellington et un design parfum\u00e9 \u00e0 la vanille en forme de cercueil donnent tous deux aux l\u00e8vres une dose suppl\u00e9mentaire d&rsquo;humidit\u00e9 pour les garder douces.<\/p>\n","protected":false},"featured_media":358690,"comment_status":"open","ping_status":"closed","template":"","meta":[],"product_cat":[31],"product_tag":[],"aioseo_notices":[],"jetpack_sharing_enabled":true,"_links":{"self":[{"href":"https:\/\/pop-co.fr\/index.php\/wp-json\/wp\/v2\/product\/91856"}],"collection":[{"href":"https:\/\/pop-co.fr\/index.php\/wp-json\/wp\/v2\/product"}],"about":[{"href":"https:\/\/pop-co.fr\/index.php\/wp-json\/wp\/v2\/types\/product"}],"replies":[{"embeddable":true,"href":"https:\/\/pop-co.fr\/index.php\/wp-json\/wp\/v2\/comments?post=91856"}],"version-history":[{"count":0,"href":"https:\/\/pop-co.fr\/index.php\/wp-json\/wp\/v2\/product\/91856\/revisions"}],"wp:featuredmedia":[{"embeddable":true,"href":"https:\/\/pop-co.fr\/index.php\/wp-json\/wp\/v2\/media\/358690"}],"wp:attachment":[{"href":"https:\/\/pop-co.fr\/index.php\/wp-json\/wp\/v2\/media?parent=91856"}],"wp:term":[{"taxonomy":"product_cat","embeddable":true,"href":"https:\/\/pop-co.fr\/index.php\/wp-json\/wp\/v2\/product_cat?post=91856"},{"taxonomy":"product_tag","embeddable":true,"href":"https:\/\/pop-co.fr\/index.php\/wp-json\/wp\/v2\/product_tag?post=91856"}],"curies":[{"name":"wp","href":"https:\/\/api.w.org\/{rel}","templated":true}]}}