{"id":91906,"date":"2024-05-16T16:39:38","date_gmt":"2024-05-16T14:39:38","guid":{"rendered":"https:\/\/pop-co.fr\/index.php\/product\/brume-corporelle-scintillante-disney-mickey-mouse\/"},"modified":"2025-07-29T11:57:49","modified_gmt":"2025-07-29T09:57:49","slug":"brume-corporelle-scintillante-disney-mickey-mouse","status":"publish","type":"product","link":"https:\/\/pop-co.fr\/index.php\/product\/brume-corporelle-scintillante-disney-mickey-mouse\/","title":{"rendered":"BRUME CORPORELLE SCINTILLANTE &#8211; DISNEY &#8211; Mickey Mouse"},"content":{"rendered":"<p>Terminez ce look festif avec un peu de brillance. Vaporisez sur la peau pour un \u00e9clat argent\u00e9, parfum\u00e9 de baies givr\u00e9es fruit\u00e9es<\/p>\n<p>DDM<br \/>\nAqua (eau), alcool d\u00e9natur\u00e9, glyc\u00e9rine, mica, huile de ricin hydrog\u00e9n\u00e9e Peg-40, ph\u00e9noxy\u00e9thanol, carbom\u00e8re, parfum (parfum), \u00e9thylhexylglyc\u00e9rine, alcool benzylique, cinnamal, citronellol.<\/p>\n<p>Liste des ingr\u00e9dients<br \/>\nAqua (eau), alcool d\u00e9natur\u00e9, glyc\u00e9rine, mica, huile de ricin hydrog\u00e9n\u00e9e Peg-40, ph\u00e9noxy\u00e9thanol, carbom\u00e8re, parfum (parfum), \u00e9thylhexylglyc\u00e9rine, alcool benzylique, cinnamal, citronellol.<\/p>\n","protected":false},"excerpt":{"rendered":"<p>Terminez ce look festif avec un peu de brillance. Vaporisez sur la peau pour un \u00e9clat argent\u00e9, parfum\u00e9 de baies givr\u00e9es fruit\u00e9es DDM Aqua (eau), alcool d\u00e9natur\u00e9, glyc\u00e9rine, mica, huile de ricin hydrog\u00e9n\u00e9e Peg-40, ph\u00e9noxy\u00e9thanol, carbom\u00e8re, parfum (parfum), \u00e9thylhexylglyc\u00e9rine, alcool benzylique, cinnamal, citronellol. Liste des ingr\u00e9dients Aqua (eau), alcool d\u00e9natur\u00e9, glyc\u00e9rine, mica, huile de ricin [&hellip;]<\/p>\n","protected":false},"featured_media":356567,"comment_status":"open","ping_status":"closed","template":"","meta":[],"product_cat":[29],"product_tag":[],"aioseo_notices":[],"jetpack_sharing_enabled":true,"_links":{"self":[{"href":"https:\/\/pop-co.fr\/index.php\/wp-json\/wp\/v2\/product\/91906"}],"collection":[{"href":"https:\/\/pop-co.fr\/index.php\/wp-json\/wp\/v2\/product"}],"about":[{"href":"https:\/\/pop-co.fr\/index.php\/wp-json\/wp\/v2\/types\/product"}],"replies":[{"embeddable":true,"href":"https:\/\/pop-co.fr\/index.php\/wp-json\/wp\/v2\/comments?post=91906"}],"version-history":[{"count":0,"href":"https:\/\/pop-co.fr\/index.php\/wp-json\/wp\/v2\/product\/91906\/revisions"}],"wp:featuredmedia":[{"embeddable":true,"href":"https:\/\/pop-co.fr\/index.php\/wp-json\/wp\/v2\/media\/356567"}],"wp:attachment":[{"href":"https:\/\/pop-co.fr\/index.php\/wp-json\/wp\/v2\/media?parent=91906"}],"wp:term":[{"taxonomy":"product_cat","embeddable":true,"href":"https:\/\/pop-co.fr\/index.php\/wp-json\/wp\/v2\/product_cat?post=91906"},{"taxonomy":"product_tag","embeddable":true,"href":"https:\/\/pop-co.fr\/index.php\/wp-json\/wp\/v2\/product_tag?post=91906"}],"curies":[{"name":"wp","href":"https:\/\/api.w.org\/{rel}","templated":true}]}}