{"id":91949,"date":"2024-05-16T16:40:07","date_gmt":"2024-05-16T14:40:07","guid":{"rendered":"https:\/\/pop-co.fr\/index.php\/product\/baume-a-levre-disney-pumbaa-le-roi-lion\/"},"modified":"2025-07-29T11:57:58","modified_gmt":"2025-07-29T09:57:58","slug":"baume-a-levre-disney-pumbaa-le-roi-lion","status":"publish","type":"product","link":"https:\/\/pop-co.fr\/index.php\/product\/baume-a-levre-disney-pumbaa-le-roi-lion\/","title":{"rendered":"BAUME A LEVRES &#8211; DISNEY &#8211; Pumbaa (Le roi lion)"},"content":{"rendered":"<p>Laissez vos l\u00e8vres ressentir l&rsquo;amour avec ces baumes \u00e0 l\u00e8vres hydratants et fruit\u00e9s. La taille parfaite pour n&rsquo;importe quel sac et facile \u00e0 trouver gr\u00e2ce \u00e0 leurs designs amusants.<br \/>\nPumbaa : past\u00e8que<\/p>\n","protected":false},"excerpt":{"rendered":"<p>Laissez vos l\u00e8vres ressentir l&rsquo;amour avec ces baumes \u00e0 l\u00e8vres hydratants et fruit\u00e9s. La taille parfaite pour n&rsquo;importe quel sac et facile \u00e0 trouver gr\u00e2ce \u00e0 leurs designs amusants. Pumbaa : past\u00e8que<\/p>\n","protected":false},"featured_media":356570,"comment_status":"open","ping_status":"closed","template":"","meta":[],"product_cat":[29],"product_tag":[],"aioseo_notices":[],"jetpack_sharing_enabled":true,"_links":{"self":[{"href":"https:\/\/pop-co.fr\/index.php\/wp-json\/wp\/v2\/product\/91949"}],"collection":[{"href":"https:\/\/pop-co.fr\/index.php\/wp-json\/wp\/v2\/product"}],"about":[{"href":"https:\/\/pop-co.fr\/index.php\/wp-json\/wp\/v2\/types\/product"}],"replies":[{"embeddable":true,"href":"https:\/\/pop-co.fr\/index.php\/wp-json\/wp\/v2\/comments?post=91949"}],"version-history":[{"count":0,"href":"https:\/\/pop-co.fr\/index.php\/wp-json\/wp\/v2\/product\/91949\/revisions"}],"wp:featuredmedia":[{"embeddable":true,"href":"https:\/\/pop-co.fr\/index.php\/wp-json\/wp\/v2\/media\/356570"}],"wp:attachment":[{"href":"https:\/\/pop-co.fr\/index.php\/wp-json\/wp\/v2\/media?parent=91949"}],"wp:term":[{"taxonomy":"product_cat","embeddable":true,"href":"https:\/\/pop-co.fr\/index.php\/wp-json\/wp\/v2\/product_cat?post=91949"},{"taxonomy":"product_tag","embeddable":true,"href":"https:\/\/pop-co.fr\/index.php\/wp-json\/wp\/v2\/product_tag?post=91949"}],"curies":[{"name":"wp","href":"https:\/\/api.w.org\/{rel}","templated":true}]}}