{"id":91955,"date":"2024-05-16T16:40:11","date_gmt":"2024-05-16T14:40:11","guid":{"rendered":"https:\/\/pop-co.fr\/index.php\/product\/tapis-nettoyage-pinceaux-disney-stitch\/"},"modified":"2025-07-29T11:58:02","modified_gmt":"2025-07-29T09:58:02","slug":"tapis-nettoyage-pinceaux-disney-stitch","status":"publish","type":"product","link":"https:\/\/pop-co.fr\/index.php\/product\/tapis-nettoyage-pinceaux-disney-stitch\/","title":{"rendered":"TAPIS NETTOYAGE PINCEAUX &#8211; DISNEY &#8211; Stitch"},"content":{"rendered":"<p>Laissez Stitch op\u00e9rer sa magie avec ce tampon de nettoyage pour brosse en silicone. Les contours textur\u00e9s de son corps aideront \u00e0 lib\u00e9rer la salet\u00e9 et les impuret\u00e9s des poils des brosses pour les laisser rafra\u00eechis pour leur prochaine utilisation.<\/p>\n","protected":false},"excerpt":{"rendered":"<p>Laissez Stitch op\u00e9rer sa magie avec ce tampon de nettoyage pour brosse en silicone. Les contours textur\u00e9s de son corps aideront \u00e0 lib\u00e9rer la salet\u00e9 et les impuret\u00e9s des poils des brosses pour les laisser rafra\u00eechis pour leur prochaine utilisation.<\/p>\n","protected":false},"featured_media":356568,"comment_status":"open","ping_status":"closed","template":"","meta":[],"product_cat":[30],"product_tag":[],"aioseo_notices":[],"jetpack_sharing_enabled":true,"_links":{"self":[{"href":"https:\/\/pop-co.fr\/index.php\/wp-json\/wp\/v2\/product\/91955"}],"collection":[{"href":"https:\/\/pop-co.fr\/index.php\/wp-json\/wp\/v2\/product"}],"about":[{"href":"https:\/\/pop-co.fr\/index.php\/wp-json\/wp\/v2\/types\/product"}],"replies":[{"embeddable":true,"href":"https:\/\/pop-co.fr\/index.php\/wp-json\/wp\/v2\/comments?post=91955"}],"version-history":[{"count":0,"href":"https:\/\/pop-co.fr\/index.php\/wp-json\/wp\/v2\/product\/91955\/revisions"}],"wp:featuredmedia":[{"embeddable":true,"href":"https:\/\/pop-co.fr\/index.php\/wp-json\/wp\/v2\/media\/356568"}],"wp:attachment":[{"href":"https:\/\/pop-co.fr\/index.php\/wp-json\/wp\/v2\/media?parent=91955"}],"wp:term":[{"taxonomy":"product_cat","embeddable":true,"href":"https:\/\/pop-co.fr\/index.php\/wp-json\/wp\/v2\/product_cat?post=91955"},{"taxonomy":"product_tag","embeddable":true,"href":"https:\/\/pop-co.fr\/index.php\/wp-json\/wp\/v2\/product_tag?post=91955"}],"curies":[{"name":"wp","href":"https:\/\/api.w.org\/{rel}","templated":true}]}}