{"id":9477,"date":"2024-02-20T20:40:00","date_gmt":"2024-02-20T19:40:00","guid":{"rendered":"https:\/\/pop-co.fr\/index.php\/product\/tirelire-dragon-ball-son-goku-chibi\/"},"modified":"2024-02-20T20:40:00","modified_gmt":"2024-02-20T19:40:00","slug":"tirelire-dragon-ball-son-goku-chibi","status":"publish","type":"product","link":"https:\/\/pop-co.fr\/index.php\/product\/tirelire-dragon-ball-son-goku-chibi\/","title":{"rendered":"TIRELIRE &#8211; DRAGON BALL &#8211; Son Goku chibi"},"content":{"rendered":"<p>Tirelire en PVC haute qualit\u00e9 taille env. 22 cm. Mod\u00e8le peint \u00e0 la main, sous licence officielle.<\/p>\n","protected":false},"excerpt":{"rendered":"<p>Tirelire en PVC haute qualit\u00e9 taille env. 22 cm. Mod\u00e8le peint \u00e0 la main, sous licence officielle.<\/p>\n","protected":false},"featured_media":9473,"comment_status":"open","ping_status":"closed","template":"","meta":[],"product_cat":[17,23],"product_tag":[],"aioseo_notices":[],"jetpack_sharing_enabled":true,"_links":{"self":[{"href":"https:\/\/pop-co.fr\/index.php\/wp-json\/wp\/v2\/product\/9477"}],"collection":[{"href":"https:\/\/pop-co.fr\/index.php\/wp-json\/wp\/v2\/product"}],"about":[{"href":"https:\/\/pop-co.fr\/index.php\/wp-json\/wp\/v2\/types\/product"}],"replies":[{"embeddable":true,"href":"https:\/\/pop-co.fr\/index.php\/wp-json\/wp\/v2\/comments?post=9477"}],"version-history":[{"count":0,"href":"https:\/\/pop-co.fr\/index.php\/wp-json\/wp\/v2\/product\/9477\/revisions"}],"wp:featuredmedia":[{"embeddable":true,"href":"https:\/\/pop-co.fr\/index.php\/wp-json\/wp\/v2\/media\/9473"}],"wp:attachment":[{"href":"https:\/\/pop-co.fr\/index.php\/wp-json\/wp\/v2\/media?parent=9477"}],"wp:term":[{"taxonomy":"product_cat","embeddable":true,"href":"https:\/\/pop-co.fr\/index.php\/wp-json\/wp\/v2\/product_cat?post=9477"},{"taxonomy":"product_tag","embeddable":true,"href":"https:\/\/pop-co.fr\/index.php\/wp-json\/wp\/v2\/product_tag?post=9477"}],"curies":[{"name":"wp","href":"https:\/\/api.w.org\/{rel}","templated":true}]}}