{"id":9486,"date":"2024-02-20T20:40:12","date_gmt":"2024-02-20T19:40:12","guid":{"rendered":"https:\/\/pop-co.fr\/index.php\/product\/sac-bandouliere-loungefly-the-beatles-magical-mystery-tour-bus\/"},"modified":"2025-07-29T10:40:30","modified_gmt":"2025-07-29T08:40:30","slug":"sac-bandouliere-loungefly-the-beatles-magical-mystery-tour-bus","status":"publish","type":"product","link":"https:\/\/pop-co.fr\/index.php\/product\/sac-bandouliere-loungefly-the-beatles-magical-mystery-tour-bus\/","title":{"rendered":"SAC BANDOULIERE LOUNGEFLY &#8211; THE BEATLES &#8211; Magical mystery tour bus"},"content":{"rendered":"<p>Faites vos valises, nous partons en tourn\u00e9e !<\/p>\n<p>Form\u00e9s autour de John Lennon et Paul McCartney, qui se sont produits pour la premi\u00e8re fois \u00e0 Liverpool en 1957, les Beatles sont n\u00e9s d&rsquo;un enthousiasme commun pour le rock and roll am\u00e9ricain et sont devenus le symbole mondial des espoirs et des r\u00eaves d&rsquo;une g\u00e9n\u00e9ration qui a atteint l&rsquo;\u00e2ge adulte dans les ann\u00e9es 1960.<\/p>\n<p>Ce sac donne vie \u00e0 une aventure surr\u00e9aliste1 Ce sac enti\u00e8rement figuratif prend la forme d&rsquo;un bus jaune, avec des roues qui mettent les choses en mouvement. Tournez le sac pour voir des tourbillons de nuages phosphorescents appara\u00eetre dans les fen\u00eatres du bus, ainsi que des motifs d&rsquo;\u00e9toiles et des portes sur les panneaux lat\u00e9raux. Des d\u00e9tails lenticulaires apparaissent sur le pare-brise avant, alternant entre le logo des Beatles et les animaux du groupe tels qu&rsquo;ils apparaissent dans le clip vid\u00e9o \u00ab\u00a0I Am the Walrus\u00a0\u00bb. Les animaux r\u00e9apparaissent sur les vitres arri\u00e8re et une poign\u00e9e en forme d&rsquo;arc-en-ciel appara\u00eet au-dessus. Compl\u00e9ment psych\u00e9d\u00e9lique de toute tenue, cet accessoire excentrique est parfait pour les fans qui souhaitent garder pr\u00e8s d&rsquo;eux certains de leurs artistes pr\u00e9f\u00e9r\u00e9s.<\/p>\n<p>Caract\u00e9ristiques du produit :<\/p>\n<p>Brille dans l&rsquo;obscurit\u00e9<br \/>\nEffet lenticulaire<br \/>\nFaux cuir<br \/>\nBandouli\u00e8re r\u00e9glable<br \/>\nApplique<br \/>\nD\u00e9tails imprim\u00e9s<\/p>\n","protected":false},"excerpt":{"rendered":"<p>Faites vos valises, nous partons en tourn\u00e9e ! Form\u00e9s autour de John Lennon et Paul McCartney, qui se sont produits pour la premi\u00e8re fois \u00e0 Liverpool en 1957, les Beatles sont n\u00e9s d&rsquo;un enthousiasme commun pour le rock and roll am\u00e9ricain et sont devenus le symbole mondial des espoirs et des r\u00eaves d&rsquo;une g\u00e9n\u00e9ration qui [&hellip;]<\/p>\n","protected":false},"featured_media":355617,"comment_status":"open","ping_status":"closed","template":"","meta":[],"product_cat":[47,48],"product_tag":[],"aioseo_notices":[],"jetpack_sharing_enabled":true,"_links":{"self":[{"href":"https:\/\/pop-co.fr\/index.php\/wp-json\/wp\/v2\/product\/9486"}],"collection":[{"href":"https:\/\/pop-co.fr\/index.php\/wp-json\/wp\/v2\/product"}],"about":[{"href":"https:\/\/pop-co.fr\/index.php\/wp-json\/wp\/v2\/types\/product"}],"replies":[{"embeddable":true,"href":"https:\/\/pop-co.fr\/index.php\/wp-json\/wp\/v2\/comments?post=9486"}],"version-history":[{"count":0,"href":"https:\/\/pop-co.fr\/index.php\/wp-json\/wp\/v2\/product\/9486\/revisions"}],"wp:featuredmedia":[{"embeddable":true,"href":"https:\/\/pop-co.fr\/index.php\/wp-json\/wp\/v2\/media\/355617"}],"wp:attachment":[{"href":"https:\/\/pop-co.fr\/index.php\/wp-json\/wp\/v2\/media?parent=9486"}],"wp:term":[{"taxonomy":"product_cat","embeddable":true,"href":"https:\/\/pop-co.fr\/index.php\/wp-json\/wp\/v2\/product_cat?post=9486"},{"taxonomy":"product_tag","embeddable":true,"href":"https:\/\/pop-co.fr\/index.php\/wp-json\/wp\/v2\/product_tag?post=9486"}],"curies":[{"name":"wp","href":"https:\/\/api.w.org\/{rel}","templated":true}]}}