{"id":95658,"date":"2024-05-23T11:02:17","date_gmt":"2024-05-23T09:02:17","guid":{"rendered":"https:\/\/pop-co.fr\/index.php\/product\/porte-cles-3d-house-of-the-dragon-oeuf-de-dragon\/"},"modified":"2025-06-28T12:41:05","modified_gmt":"2025-06-28T10:41:05","slug":"porte-cles-3d-house-of-the-dragon-oeuf-de-dragon","status":"publish","type":"product","link":"https:\/\/pop-co.fr\/index.php\/product\/porte-cles-3d-house-of-the-dragon-oeuf-de-dragon\/","title":{"rendered":"PORTE CLES 3D &#8211; HOUSE OF THE DRAGON &#8211; \u0152uf de dragon"},"content":{"rendered":"<p>Poss\u00e9der votre propre \u0153uf de dragon avec ce porte-cl\u00e9s 3D House of the Dragon par ABYstyle, mais faites attention \u00e0 ce qu&rsquo;il n&rsquo;\u00e9close pas ! <\/p>\n<p>&#8211; Porte-cl\u00e9s en m\u00e9tal de haute qualit\u00e9<br \/>\n&#8211; Packaging carton adapt\u00e9 \u00e0 la mise en rayon et permettant de mettre en avant l\u2019aspect 3D<br \/>\n&#8211; Dimensions : H. 3,5 cm x L. 2,7 cm<\/p>\n","protected":false},"excerpt":{"rendered":"<p>Poss\u00e9der votre propre \u0153uf de dragon avec ce porte-cl\u00e9s 3D House of the Dragon par ABYstyle, mais faites attention \u00e0 ce qu&rsquo;il n&rsquo;\u00e9close pas ! &#8211; Porte-cl\u00e9s en m\u00e9tal de haute qualit\u00e9 &#8211; Packaging carton adapt\u00e9 \u00e0 la mise en rayon et permettant de mettre en avant l\u2019aspect 3D &#8211; Dimensions : H. 3,5 cm [&hellip;]<\/p>\n","protected":false},"featured_media":258059,"comment_status":"open","ping_status":"closed","template":"","meta":[],"product_cat":[39],"product_tag":[],"aioseo_notices":[],"jetpack_sharing_enabled":true,"_links":{"self":[{"href":"https:\/\/pop-co.fr\/index.php\/wp-json\/wp\/v2\/product\/95658"}],"collection":[{"href":"https:\/\/pop-co.fr\/index.php\/wp-json\/wp\/v2\/product"}],"about":[{"href":"https:\/\/pop-co.fr\/index.php\/wp-json\/wp\/v2\/types\/product"}],"replies":[{"embeddable":true,"href":"https:\/\/pop-co.fr\/index.php\/wp-json\/wp\/v2\/comments?post=95658"}],"version-history":[{"count":0,"href":"https:\/\/pop-co.fr\/index.php\/wp-json\/wp\/v2\/product\/95658\/revisions"}],"wp:featuredmedia":[{"embeddable":true,"href":"https:\/\/pop-co.fr\/index.php\/wp-json\/wp\/v2\/media\/258059"}],"wp:attachment":[{"href":"https:\/\/pop-co.fr\/index.php\/wp-json\/wp\/v2\/media?parent=95658"}],"wp:term":[{"taxonomy":"product_cat","embeddable":true,"href":"https:\/\/pop-co.fr\/index.php\/wp-json\/wp\/v2\/product_cat?post=95658"},{"taxonomy":"product_tag","embeddable":true,"href":"https:\/\/pop-co.fr\/index.php\/wp-json\/wp\/v2\/product_tag?post=95658"}],"curies":[{"name":"wp","href":"https:\/\/api.w.org\/{rel}","templated":true}]}}