{"id":95720,"date":"2024-05-23T11:03:03","date_gmt":"2024-05-23T09:03:03","guid":{"rendered":"https:\/\/pop-co.fr\/index.php\/product\/mug-thermoreactif-one-piece-luffy-et-sabo\/"},"modified":"2025-09-05T12:30:37","modified_gmt":"2025-09-05T10:30:37","slug":"mug-thermoreactif-one-piece-luffy-et-sabo","status":"publish","type":"product","link":"https:\/\/pop-co.fr\/index.php\/product\/mug-thermoreactif-one-piece-luffy-et-sabo\/","title":{"rendered":"MUG THERMOREACTIF &#8211; ONE PIECE &#8211; Luffy et  Sabo"},"content":{"rendered":"<p>Caract\u00e9ristiques :<br \/>\n&#8211; Change d&rsquo;aspect lorsque vous versez un liquide chaud.<br \/>\n&#8211; Grande contenance (460 ml).<br \/>\n&#8211; Ne passe pas au micro-ondes ou au lave-vaisselle<br \/>\n&#8211; Mati\u00e8re c\u00e9ramique.<br \/>\n&#8211; Packaging : bo\u00eete cartonn\u00e9e permettant de prot\u00e9ger le mug tout en assurant une visibilit\u00e9 \u00e0 360\u00b0.<\/p>\n","protected":false},"excerpt":{"rendered":"<p>Caract\u00e9ristiques : &#8211; Change d&rsquo;aspect lorsque vous versez un liquide chaud. &#8211; Grande contenance (460 ml). &#8211; Ne passe pas au micro-ondes ou au lave-vaisselle &#8211; Mati\u00e8re c\u00e9ramique. &#8211; Packaging : bo\u00eete cartonn\u00e9e permettant de prot\u00e9ger le mug tout en assurant une visibilit\u00e9 \u00e0 360\u00b0.<\/p>\n","protected":false},"featured_media":358150,"comment_status":"open","ping_status":"closed","template":"","meta":[],"product_cat":[17,22],"product_tag":[],"aioseo_notices":[],"jetpack_sharing_enabled":true,"_links":{"self":[{"href":"https:\/\/pop-co.fr\/index.php\/wp-json\/wp\/v2\/product\/95720"}],"collection":[{"href":"https:\/\/pop-co.fr\/index.php\/wp-json\/wp\/v2\/product"}],"about":[{"href":"https:\/\/pop-co.fr\/index.php\/wp-json\/wp\/v2\/types\/product"}],"replies":[{"embeddable":true,"href":"https:\/\/pop-co.fr\/index.php\/wp-json\/wp\/v2\/comments?post=95720"}],"version-history":[{"count":0,"href":"https:\/\/pop-co.fr\/index.php\/wp-json\/wp\/v2\/product\/95720\/revisions"}],"wp:featuredmedia":[{"embeddable":true,"href":"https:\/\/pop-co.fr\/index.php\/wp-json\/wp\/v2\/media\/358150"}],"wp:attachment":[{"href":"https:\/\/pop-co.fr\/index.php\/wp-json\/wp\/v2\/media?parent=95720"}],"wp:term":[{"taxonomy":"product_cat","embeddable":true,"href":"https:\/\/pop-co.fr\/index.php\/wp-json\/wp\/v2\/product_cat?post=95720"},{"taxonomy":"product_tag","embeddable":true,"href":"https:\/\/pop-co.fr\/index.php\/wp-json\/wp\/v2\/product_tag?post=95720"}],"curies":[{"name":"wp","href":"https:\/\/api.w.org\/{rel}","templated":true}]}}