{"id":95780,"date":"2024-05-23T11:03:42","date_gmt":"2024-05-23T09:03:42","guid":{"rendered":"https:\/\/pop-co.fr\/index.php\/product\/stylo-pokemon-salameche\/"},"modified":"2025-09-03T11:48:25","modified_gmt":"2025-09-03T09:48:25","slug":"stylo-pokemon-salameche","status":"publish","type":"product","link":"https:\/\/pop-co.fr\/index.php\/product\/stylo-pokemon-salameche\/","title":{"rendered":"STYLO &#8211; POKEMON &#8211; Salam\u00e8che"},"content":{"rendered":"<p>Gardez une trace de vos plus grands combats Pok\u00e9mon avec ce mignon et sulfureux stylo Salam\u00e8che par ABYstyle, dot\u00e9 d&rsquo;une Pok\u00e9ball 3D \u00e0 son extr\u00e9mit\u00e9 ! <\/p>\n<p>&#8211; Stylo \u00e0 encre noire avec partie m\u00e9tal en 3D<br \/>\n&#8211; M\u00e9tal haute qualit\u00e9<br \/>\n&#8211; Dimensions : H. 15 x \u00d8 0,8 cm<\/p>\n","protected":false},"excerpt":{"rendered":"<p>Gardez une trace de vos plus grands combats Pok\u00e9mon avec ce mignon et sulfureux stylo Salam\u00e8che par ABYstyle, dot\u00e9 d&rsquo;une Pok\u00e9ball 3D \u00e0 son extr\u00e9mit\u00e9 ! &#8211; Stylo \u00e0 encre noire avec partie m\u00e9tal en 3D &#8211; M\u00e9tal haute qualit\u00e9 &#8211; Dimensions : H. 15 x \u00d8 0,8 cm<\/p>\n","protected":false},"featured_media":358049,"comment_status":"open","ping_status":"closed","template":"","meta":[],"product_cat":[34,20],"product_tag":[],"aioseo_notices":[],"jetpack_sharing_enabled":true,"_links":{"self":[{"href":"https:\/\/pop-co.fr\/index.php\/wp-json\/wp\/v2\/product\/95780"}],"collection":[{"href":"https:\/\/pop-co.fr\/index.php\/wp-json\/wp\/v2\/product"}],"about":[{"href":"https:\/\/pop-co.fr\/index.php\/wp-json\/wp\/v2\/types\/product"}],"replies":[{"embeddable":true,"href":"https:\/\/pop-co.fr\/index.php\/wp-json\/wp\/v2\/comments?post=95780"}],"version-history":[{"count":0,"href":"https:\/\/pop-co.fr\/index.php\/wp-json\/wp\/v2\/product\/95780\/revisions"}],"wp:featuredmedia":[{"embeddable":true,"href":"https:\/\/pop-co.fr\/index.php\/wp-json\/wp\/v2\/media\/358049"}],"wp:attachment":[{"href":"https:\/\/pop-co.fr\/index.php\/wp-json\/wp\/v2\/media?parent=95780"}],"wp:term":[{"taxonomy":"product_cat","embeddable":true,"href":"https:\/\/pop-co.fr\/index.php\/wp-json\/wp\/v2\/product_cat?post=95780"},{"taxonomy":"product_tag","embeddable":true,"href":"https:\/\/pop-co.fr\/index.php\/wp-json\/wp\/v2\/product_tag?post=95780"}],"curies":[{"name":"wp","href":"https:\/\/api.w.org\/{rel}","templated":true}]}}