{"id":96229,"date":"2024-05-23T15:02:16","date_gmt":"2024-05-23T13:02:16","guid":{"rendered":"https:\/\/pop-co.fr\/index.php\/product\/chibi-poster-dragon-ball-transformations-goku\/"},"modified":"2025-09-20T18:03:22","modified_gmt":"2025-09-20T16:03:22","slug":"chibi-poster-dragon-ball-transformations-goku","status":"publish","type":"product","link":"https:\/\/pop-co.fr\/index.php\/product\/chibi-poster-dragon-ball-transformations-goku\/","title":{"rendered":"CHIBI POSTER &#8211; DRAGON BALL &#8211; Transformations Goku"},"content":{"rendered":"<p>Retrouvez Goku et ses diff\u00e9rentes transformations sur ce poster Dragon Ball Z par GB eye. <\/p>\n<p>&#8211; Excellent grammage : 170 g\/m\u00b2 et pelliculage brillant. Impression haute qualit\u00e9 en offset.<br \/>\n&#8211; Les posters mesurent 52 x 38 cm, en format portrait ou paysage selon les mod\u00e8les.<br \/>\n&#8211; Livr\u00e9 \u00e0 plat et sans Gencode<br \/>\n&#8211; Certifi\u00e9 FSC : ce produit est issu de for\u00eats g\u00e9r\u00e9es durablement<\/p>\n","protected":false},"excerpt":{"rendered":"<p>Retrouvez Goku et ses diff\u00e9rentes transformations sur ce poster Dragon Ball Z par GB eye. &#8211; Excellent grammage : 170 g\/m\u00b2 et pelliculage brillant. Impression haute qualit\u00e9 en offset. &#8211; Les posters mesurent 52 x 38 cm, en format portrait ou paysage selon les mod\u00e8les. &#8211; Livr\u00e9 \u00e0 plat et sans Gencode &#8211; Certifi\u00e9 FSC [&hellip;]<\/p>\n","protected":false},"featured_media":358725,"comment_status":"open","ping_status":"closed","template":"","meta":[],"product_cat":[76],"product_tag":[],"aioseo_notices":[],"jetpack_sharing_enabled":true,"_links":{"self":[{"href":"https:\/\/pop-co.fr\/index.php\/wp-json\/wp\/v2\/product\/96229"}],"collection":[{"href":"https:\/\/pop-co.fr\/index.php\/wp-json\/wp\/v2\/product"}],"about":[{"href":"https:\/\/pop-co.fr\/index.php\/wp-json\/wp\/v2\/types\/product"}],"replies":[{"embeddable":true,"href":"https:\/\/pop-co.fr\/index.php\/wp-json\/wp\/v2\/comments?post=96229"}],"version-history":[{"count":0,"href":"https:\/\/pop-co.fr\/index.php\/wp-json\/wp\/v2\/product\/96229\/revisions"}],"wp:featuredmedia":[{"embeddable":true,"href":"https:\/\/pop-co.fr\/index.php\/wp-json\/wp\/v2\/media\/358725"}],"wp:attachment":[{"href":"https:\/\/pop-co.fr\/index.php\/wp-json\/wp\/v2\/media?parent=96229"}],"wp:term":[{"taxonomy":"product_cat","embeddable":true,"href":"https:\/\/pop-co.fr\/index.php\/wp-json\/wp\/v2\/product_cat?post=96229"},{"taxonomy":"product_tag","embeddable":true,"href":"https:\/\/pop-co.fr\/index.php\/wp-json\/wp\/v2\/product_tag?post=96229"}],"curies":[{"name":"wp","href":"https:\/\/api.w.org\/{rel}","templated":true}]}}