{"id":96235,"date":"2024-05-23T15:02:36","date_gmt":"2024-05-23T13:02:36","guid":{"rendered":"https:\/\/pop-co.fr\/index.php\/product\/cadre-one-piece-hot-dog-party\/"},"modified":"2025-08-01T09:54:35","modified_gmt":"2025-08-01T07:54:35","slug":"cadre-one-piece-hot-dog-party","status":"publish","type":"product","link":"https:\/\/pop-co.fr\/index.php\/product\/cadre-one-piece-hot-dog-party\/","title":{"rendered":"CADRE &#8211; ONE PIECE &#8211; Hot dog Party"},"content":{"rendered":"<p>Entre 2 aventures, l&rsquo;\u00c9quipage du Chapeau de Paille a bien besoin d&rsquo;une pause ! Rejoignez Luffy pour un superbe festin \u00e0 base de hot-dogs sur ce magnifique tirage encadr\u00e9 One Piece par GB eye ! <\/p>\n<p>&#8211; Tirage sur papier photographique<br \/>\n&#8211; Dimensions : 30,5 x 40,6 cm<br \/>\n&#8211; Epaisseur du cadre : 25 mm<br \/>\n&#8211; Vitre en styr\u00e8ne tr\u00e8s solide<br \/>\n&#8211; Packaging : film plastique avec plastique de protection sur les coins<\/p>\n","protected":false},"excerpt":{"rendered":"<p>Entre 2 aventures, l&rsquo;\u00c9quipage du Chapeau de Paille a bien besoin d&rsquo;une pause ! Rejoignez Luffy pour un superbe festin \u00e0 base de hot-dogs sur ce magnifique tirage encadr\u00e9 One Piece par GB eye ! &#8211; Tirage sur papier photographique &#8211; Dimensions : 30,5 x 40,6 cm &#8211; Epaisseur du cadre : 25 mm &#8211; [&hellip;]<\/p>\n","protected":false},"featured_media":356956,"comment_status":"open","ping_status":"closed","template":"","meta":[],"product_cat":[76],"product_tag":[],"aioseo_notices":[],"jetpack_sharing_enabled":true,"_links":{"self":[{"href":"https:\/\/pop-co.fr\/index.php\/wp-json\/wp\/v2\/product\/96235"}],"collection":[{"href":"https:\/\/pop-co.fr\/index.php\/wp-json\/wp\/v2\/product"}],"about":[{"href":"https:\/\/pop-co.fr\/index.php\/wp-json\/wp\/v2\/types\/product"}],"replies":[{"embeddable":true,"href":"https:\/\/pop-co.fr\/index.php\/wp-json\/wp\/v2\/comments?post=96235"}],"version-history":[{"count":2,"href":"https:\/\/pop-co.fr\/index.php\/wp-json\/wp\/v2\/product\/96235\/revisions"}],"predecessor-version":[{"id":356957,"href":"https:\/\/pop-co.fr\/index.php\/wp-json\/wp\/v2\/product\/96235\/revisions\/356957"}],"wp:featuredmedia":[{"embeddable":true,"href":"https:\/\/pop-co.fr\/index.php\/wp-json\/wp\/v2\/media\/356956"}],"wp:attachment":[{"href":"https:\/\/pop-co.fr\/index.php\/wp-json\/wp\/v2\/media?parent=96235"}],"wp:term":[{"taxonomy":"product_cat","embeddable":true,"href":"https:\/\/pop-co.fr\/index.php\/wp-json\/wp\/v2\/product_cat?post=96235"},{"taxonomy":"product_tag","embeddable":true,"href":"https:\/\/pop-co.fr\/index.php\/wp-json\/wp\/v2\/product_tag?post=96235"}],"curies":[{"name":"wp","href":"https:\/\/api.w.org\/{rel}","templated":true}]}}