{"id":96252,"date":"2024-05-23T15:03:19","date_gmt":"2024-05-23T13:03:19","guid":{"rendered":"https:\/\/pop-co.fr\/index.php\/product\/chibi-poster-one-piece-wanted-roronoa-zoro-wano\/"},"modified":"2025-07-08T12:36:02","modified_gmt":"2025-07-08T10:36:02","slug":"chibi-poster-one-piece-wanted-roronoa-zoro-wano","status":"publish","type":"product","link":"https:\/\/pop-co.fr\/index.php\/product\/chibi-poster-one-piece-wanted-roronoa-zoro-wano\/","title":{"rendered":"CHIBI POSTER &#8211; ONE PIECE &#8211; Wanted Roronoa Zoro (Wano)"},"content":{"rendered":"<p>Apr\u00e8s tous les \u00e9v\u00e9nements de Wano, une nouvelle \u00e8re vient d&rsquo;\u00e9merger. Des nouveaux empereurs des mers sont apparus, des alliances se sont form\u00e9es&#8230; La mer n&rsquo;a jamais \u00e9t\u00e9 aussi agit\u00e9e ! \u00c0 la suite de toutes ces p\u00e9rip\u00e9ties, Roronoa Zoro atteint une prime de 1 111 000 000 de berrys sur ce poster One Piece par GB eye ! <\/p>\n<p>&#8211; Excellent grammage : 170 g\/m\u00b2 et pelliculage brillant. Impression haute qualit\u00e9 en offset<br \/>\n&#8211; Les posters mesurent 52 x 38 cm, en format portrait ou paysage selon les mod\u00e8les<br \/>\n&#8211; Certifi\u00e9 FSC : ce produit est issu de for\u00eats g\u00e9r\u00e9es durablement<\/p>\n","protected":false},"excerpt":{"rendered":"<p>Apr\u00e8s tous les \u00e9v\u00e9nements de Wano, une nouvelle \u00e8re vient d&rsquo;\u00e9merger. Des nouveaux empereurs des mers sont apparus, des alliances se sont form\u00e9es&#8230; La mer n&rsquo;a jamais \u00e9t\u00e9 aussi agit\u00e9e ! \u00c0 la suite de toutes ces p\u00e9rip\u00e9ties, Roronoa Zoro atteint une prime de 1 111 000 000 de berrys sur ce poster One Piece [&hellip;]<\/p>\n","protected":false},"featured_media":353890,"comment_status":"open","ping_status":"closed","template":"","meta":[],"product_cat":[76],"product_tag":[],"aioseo_notices":[],"jetpack_sharing_enabled":true,"_links":{"self":[{"href":"https:\/\/pop-co.fr\/index.php\/wp-json\/wp\/v2\/product\/96252"}],"collection":[{"href":"https:\/\/pop-co.fr\/index.php\/wp-json\/wp\/v2\/product"}],"about":[{"href":"https:\/\/pop-co.fr\/index.php\/wp-json\/wp\/v2\/types\/product"}],"replies":[{"embeddable":true,"href":"https:\/\/pop-co.fr\/index.php\/wp-json\/wp\/v2\/comments?post=96252"}],"version-history":[{"count":0,"href":"https:\/\/pop-co.fr\/index.php\/wp-json\/wp\/v2\/product\/96252\/revisions"}],"wp:featuredmedia":[{"embeddable":true,"href":"https:\/\/pop-co.fr\/index.php\/wp-json\/wp\/v2\/media\/353890"}],"wp:attachment":[{"href":"https:\/\/pop-co.fr\/index.php\/wp-json\/wp\/v2\/media?parent=96252"}],"wp:term":[{"taxonomy":"product_cat","embeddable":true,"href":"https:\/\/pop-co.fr\/index.php\/wp-json\/wp\/v2\/product_cat?post=96252"},{"taxonomy":"product_tag","embeddable":true,"href":"https:\/\/pop-co.fr\/index.php\/wp-json\/wp\/v2\/product_tag?post=96252"}],"curies":[{"name":"wp","href":"https:\/\/api.w.org\/{rel}","templated":true}]}}