{"id":96254,"date":"2024-05-23T15:03:27","date_gmt":"2024-05-23T13:03:27","guid":{"rendered":"https:\/\/pop-co.fr\/index.php\/product\/cadre-bleach-kurosaki-ichigo\/"},"modified":"2025-06-28T12:40:24","modified_gmt":"2025-06-28T10:40:24","slug":"cadre-bleach-kurosaki-ichigo","status":"publish","type":"product","link":"https:\/\/pop-co.fr\/index.php\/product\/cadre-bleach-kurosaki-ichigo\/","title":{"rendered":"CADRE &#8211; BLEACH &#8211; Kurosaki Ichigo"},"content":{"rendered":"<p>Que ce soit pour sauver des innocents, partir au secours de ses amis ou sauver la Soul Society, Ichigo n&rsquo;h\u00e9site jamais un seul instant ! Retrouvez le Shinigami rempla\u00e7ant Ichigo Kurosaki sur ce magnifique tirage encadr\u00e9 Bleach: Thousand-Year Blood War par Gb eye! <\/p>\n<p>&#8211; Tirage sur papier photographique<br \/>\n&#8211; Dimensions : 30,5 x 40,6 cm<br \/>\n&#8211; Epaisseur du cadre : 25 mm<br \/>\n&#8211; Vitre en styr\u00e8ne tr\u00e8s solide<br \/>\n&#8211; Packaging : film plastique avec plastique de protection sur les coins<\/p>\n","protected":false},"excerpt":{"rendered":"<p>Que ce soit pour sauver des innocents, partir au secours de ses amis ou sauver la Soul Society, Ichigo n&rsquo;h\u00e9site jamais un seul instant ! Retrouvez le Shinigami rempla\u00e7ant Ichigo Kurosaki sur ce magnifique tirage encadr\u00e9 Bleach: Thousand-Year Blood War par Gb eye! &#8211; Tirage sur papier photographique &#8211; Dimensions : 30,5 x 40,6 cm [&hellip;]<\/p>\n","protected":false},"featured_media":347724,"comment_status":"open","ping_status":"closed","template":"","meta":[],"product_cat":[76],"product_tag":[],"aioseo_notices":[],"jetpack_sharing_enabled":true,"_links":{"self":[{"href":"https:\/\/pop-co.fr\/index.php\/wp-json\/wp\/v2\/product\/96254"}],"collection":[{"href":"https:\/\/pop-co.fr\/index.php\/wp-json\/wp\/v2\/product"}],"about":[{"href":"https:\/\/pop-co.fr\/index.php\/wp-json\/wp\/v2\/types\/product"}],"replies":[{"embeddable":true,"href":"https:\/\/pop-co.fr\/index.php\/wp-json\/wp\/v2\/comments?post=96254"}],"version-history":[{"count":0,"href":"https:\/\/pop-co.fr\/index.php\/wp-json\/wp\/v2\/product\/96254\/revisions"}],"wp:featuredmedia":[{"embeddable":true,"href":"https:\/\/pop-co.fr\/index.php\/wp-json\/wp\/v2\/media\/347724"}],"wp:attachment":[{"href":"https:\/\/pop-co.fr\/index.php\/wp-json\/wp\/v2\/media?parent=96254"}],"wp:term":[{"taxonomy":"product_cat","embeddable":true,"href":"https:\/\/pop-co.fr\/index.php\/wp-json\/wp\/v2\/product_cat?post=96254"},{"taxonomy":"product_tag","embeddable":true,"href":"https:\/\/pop-co.fr\/index.php\/wp-json\/wp\/v2\/product_tag?post=96254"}],"curies":[{"name":"wp","href":"https:\/\/api.w.org\/{rel}","templated":true}]}}