{"id":97614,"date":"2024-05-27T09:54:28","date_gmt":"2024-05-27T07:54:28","guid":{"rendered":"https:\/\/pop-co.fr\/index.php\/product\/disney-cendrillon-figurine-21cm-2\/"},"modified":"2025-06-28T14:22:21","modified_gmt":"2025-06-28T12:22:21","slug":"disney-cendrillon-figurine-21cm-2","status":"publish","type":"product","link":"https:\/\/pop-co.fr\/index.php\/product\/disney-cendrillon-figurine-21cm-2\/","title":{"rendered":"DISNEY &#8211; Cendrillon &#8211; Figurine 21cm"},"content":{"rendered":"<p>Figurine Disney Showcase &rsquo;21x10x13.5&prime;<\/p>\n<p>Cette superbe figurine est inspir\u00e9e de vos Princesses Disney pr\u00e9f\u00e9r\u00e9es. Etant fabriqu\u00e9e en r\u00e9sine et peinte \u00e0 la main, des l\u00e9g\u00e8res variations sont possibles, ce qui rendchaque pi\u00e8ce unique. N\u2019est pas un jouet. Figurine destin\u00e9e aux adultes.<\/p>\n","protected":false},"excerpt":{"rendered":"<p>Figurine Disney Showcase &rsquo;21x10x13.5&prime; Cette superbe figurine est inspir\u00e9e de vos Princesses Disney pr\u00e9f\u00e9r\u00e9es. Etant fabriqu\u00e9e en r\u00e9sine et peinte \u00e0 la main, des l\u00e9g\u00e8res variations sont possibles, ce qui rendchaque pi\u00e8ce unique. N\u2019est pas un jouet. Figurine destin\u00e9e aux adultes.<\/p>\n","protected":false},"featured_media":151158,"comment_status":"open","ping_status":"closed","template":"","meta":[],"product_cat":[29],"product_tag":[],"aioseo_notices":[],"jetpack_sharing_enabled":true,"_links":{"self":[{"href":"https:\/\/pop-co.fr\/index.php\/wp-json\/wp\/v2\/product\/97614"}],"collection":[{"href":"https:\/\/pop-co.fr\/index.php\/wp-json\/wp\/v2\/product"}],"about":[{"href":"https:\/\/pop-co.fr\/index.php\/wp-json\/wp\/v2\/types\/product"}],"replies":[{"embeddable":true,"href":"https:\/\/pop-co.fr\/index.php\/wp-json\/wp\/v2\/comments?post=97614"}],"version-history":[{"count":0,"href":"https:\/\/pop-co.fr\/index.php\/wp-json\/wp\/v2\/product\/97614\/revisions"}],"wp:featuredmedia":[{"embeddable":true,"href":"https:\/\/pop-co.fr\/index.php\/wp-json\/wp\/v2\/media\/151158"}],"wp:attachment":[{"href":"https:\/\/pop-co.fr\/index.php\/wp-json\/wp\/v2\/media?parent=97614"}],"wp:term":[{"taxonomy":"product_cat","embeddable":true,"href":"https:\/\/pop-co.fr\/index.php\/wp-json\/wp\/v2\/product_cat?post=97614"},{"taxonomy":"product_tag","embeddable":true,"href":"https:\/\/pop-co.fr\/index.php\/wp-json\/wp\/v2\/product_tag?post=97614"}],"curies":[{"name":"wp","href":"https:\/\/api.w.org\/{rel}","templated":true}]}}