{"id":98732,"date":"2024-05-28T12:04:39","date_gmt":"2024-05-28T10:04:39","guid":{"rendered":"https:\/\/pop-co.fr\/index.php\/product\/carnet-grendizer-goldorak-dore-2\/"},"modified":"2025-06-28T12:39:35","modified_gmt":"2025-06-28T10:39:35","slug":"carnet-grendizer-goldorak-dore-2","status":"publish","type":"product","link":"https:\/\/pop-co.fr\/index.php\/product\/carnet-grendizer-goldorak-dore-2\/","title":{"rendered":"CARNET &#8211; GRENDIZER &#8211; Goldorak dor\u00e9"},"content":{"rendered":"<p>Le robot l\u00e9gendaire de la japanimation s&rsquo;affiche dans un dor\u00e9 digne de son prestige sur ce cahier Goldorak par ABYstyle. <\/p>\n<p>&#8211; Couverture cartonn\u00e9e, textur\u00e9e avec dorure<br \/>\n&#8211; Signet marque page<br \/>\n&#8211; Reliure en dos carr\u00e9 coll\u00e9<br \/>\n&#8211; Mati\u00e8re : papier<br \/>\n&#8211; Tranche dor\u00e9e<br \/>\n&#8211; 180 pages, 90g, pages imprim\u00e9es en 4C avec motifs<br \/>\n&#8211; Dimensions : H. 21,7 cm x 15,5 cm<\/p>\n","protected":false},"excerpt":{"rendered":"<p>Le robot l\u00e9gendaire de la japanimation s&rsquo;affiche dans un dor\u00e9 digne de son prestige sur ce cahier Goldorak par ABYstyle. &#8211; Couverture cartonn\u00e9e, textur\u00e9e avec dorure &#8211; Signet marque page &#8211; Reliure en dos carr\u00e9 coll\u00e9 &#8211; Mati\u00e8re : papier &#8211; Tranche dor\u00e9e &#8211; 180 pages, 90g, pages imprim\u00e9es en 4C avec motifs &#8211; Dimensions [&hellip;]<\/p>\n","protected":false},"featured_media":147501,"comment_status":"open","ping_status":"closed","template":"","meta":[],"product_cat":[17,18],"product_tag":[],"aioseo_notices":[],"jetpack_sharing_enabled":true,"_links":{"self":[{"href":"https:\/\/pop-co.fr\/index.php\/wp-json\/wp\/v2\/product\/98732"}],"collection":[{"href":"https:\/\/pop-co.fr\/index.php\/wp-json\/wp\/v2\/product"}],"about":[{"href":"https:\/\/pop-co.fr\/index.php\/wp-json\/wp\/v2\/types\/product"}],"replies":[{"embeddable":true,"href":"https:\/\/pop-co.fr\/index.php\/wp-json\/wp\/v2\/comments?post=98732"}],"version-history":[{"count":0,"href":"https:\/\/pop-co.fr\/index.php\/wp-json\/wp\/v2\/product\/98732\/revisions"}],"wp:featuredmedia":[{"embeddable":true,"href":"https:\/\/pop-co.fr\/index.php\/wp-json\/wp\/v2\/media\/147501"}],"wp:attachment":[{"href":"https:\/\/pop-co.fr\/index.php\/wp-json\/wp\/v2\/media?parent=98732"}],"wp:term":[{"taxonomy":"product_cat","embeddable":true,"href":"https:\/\/pop-co.fr\/index.php\/wp-json\/wp\/v2\/product_cat?post=98732"},{"taxonomy":"product_tag","embeddable":true,"href":"https:\/\/pop-co.fr\/index.php\/wp-json\/wp\/v2\/product_tag?post=98732"}],"curies":[{"name":"wp","href":"https:\/\/api.w.org\/{rel}","templated":true}]}}