{"id":98781,"date":"2024-05-28T12:05:40","date_gmt":"2024-05-28T10:05:40","guid":{"rendered":"https:\/\/pop-co.fr\/index.php\/product\/mug-thermoreactif-disney-chat-du-cheshire-alice-au-pays-des-merveilles-3\/"},"modified":"2025-06-28T12:39:46","modified_gmt":"2025-06-28T10:39:46","slug":"mug-thermoreactif-disney-chat-du-cheshire-alice-au-pays-des-merveilles-3","status":"publish","type":"product","link":"https:\/\/pop-co.fr\/index.php\/product\/mug-thermoreactif-disney-chat-du-cheshire-alice-au-pays-des-merveilles-3\/","title":{"rendered":"MUG THERMOREACTIF &#8211; DISNEY &#8211; Chat du Cheshire (Alice au pays des merveilles)"},"content":{"rendered":"<p>D\u00e9couvrez notre gamme de mugs thermo r\u00e9actifs !!!!<br \/>\nTous les matins, vous verrez d\u00e9sormais votre mug changer d&rsquo;apparence lorsque vous ferez couler votre chocolat chaud, votre th\u00e9 ou votre caf\u00e9..<br \/>\nLa folie se cache t-elle dans la p\u00e9nombre ? Mais non, c&rsquo;est juste le Chat du Cheshire qui appara\u00eet lorsque vous versez votre boisson chaude dans ce mug Alice au Pays des Merveilles ! Tout va bien, car tout le monde est d\u00e9j\u00e0 fou au Pays des Merveilles ! <\/p>\n<p>Caract\u00e9ristiques :<br \/>\n&#8211; Change d&rsquo;aspect lorsque vous versez un liquide chaud.<br \/>\n&#8211; Grande contenance (460 ml).<br \/>\n&#8211; Ne passe pas au micro-ondes ou au lave-vaisselle<br \/>\n&#8211; Mati\u00e8re c\u00e9ramique.<\/p>\n","protected":false},"excerpt":{"rendered":"<p>D\u00e9couvrez notre gamme de mugs thermo r\u00e9actifs !!!! Tous les matins, vous verrez d\u00e9sormais votre mug changer d&rsquo;apparence lorsque vous ferez couler votre chocolat chaud, votre th\u00e9 ou votre caf\u00e9.. La folie se cache t-elle dans la p\u00e9nombre ? Mais non, c&rsquo;est juste le Chat du Cheshire qui appara\u00eet lorsque vous versez votre boisson chaude [&hellip;]<\/p>\n","protected":false},"featured_media":147514,"comment_status":"open","ping_status":"closed","template":"","meta":[],"product_cat":[29],"product_tag":[],"aioseo_notices":[],"jetpack_sharing_enabled":true,"_links":{"self":[{"href":"https:\/\/pop-co.fr\/index.php\/wp-json\/wp\/v2\/product\/98781"}],"collection":[{"href":"https:\/\/pop-co.fr\/index.php\/wp-json\/wp\/v2\/product"}],"about":[{"href":"https:\/\/pop-co.fr\/index.php\/wp-json\/wp\/v2\/types\/product"}],"replies":[{"embeddable":true,"href":"https:\/\/pop-co.fr\/index.php\/wp-json\/wp\/v2\/comments?post=98781"}],"version-history":[{"count":0,"href":"https:\/\/pop-co.fr\/index.php\/wp-json\/wp\/v2\/product\/98781\/revisions"}],"wp:featuredmedia":[{"embeddable":true,"href":"https:\/\/pop-co.fr\/index.php\/wp-json\/wp\/v2\/media\/147514"}],"wp:attachment":[{"href":"https:\/\/pop-co.fr\/index.php\/wp-json\/wp\/v2\/media?parent=98781"}],"wp:term":[{"taxonomy":"product_cat","embeddable":true,"href":"https:\/\/pop-co.fr\/index.php\/wp-json\/wp\/v2\/product_cat?post=98781"},{"taxonomy":"product_tag","embeddable":true,"href":"https:\/\/pop-co.fr\/index.php\/wp-json\/wp\/v2\/product_tag?post=98781"}],"curies":[{"name":"wp","href":"https:\/\/api.w.org\/{rel}","templated":true}]}}