{"id":99829,"date":"2024-05-28T13:08:38","date_gmt":"2024-05-28T11:08:38","guid":{"rendered":"https:\/\/pop-co.fr\/index.php\/product\/chibi-poster-one-piece-wanted-franky-wano\/"},"modified":"2025-09-20T17:32:56","modified_gmt":"2025-09-20T15:32:56","slug":"chibi-poster-one-piece-wanted-franky-wano","status":"publish","type":"product","link":"https:\/\/pop-co.fr\/index.php\/product\/chibi-poster-one-piece-wanted-franky-wano\/","title":{"rendered":"CHIBI POSTER &#8211; ONE PIECE &#8211; Wanted Franky (Wano)"},"content":{"rendered":"<p>Apr\u00e8s tous les \u00e9v\u00e9nements de Wano, une nouvelle \u00e8re vient d&rsquo;\u00e9merger. Des nouveaux empereurs des mers sont apparus, des alliances se sont form\u00e9es&#8230; La mer n&rsquo;a jamais \u00e9t\u00e9 aussi agit\u00e9e ! \u00c0 la suite de toutes ces p\u00e9rip\u00e9ties, Franky atteint une prime de 394 000 000 de berrys sur ce poster One Piece par GB eye ! <\/p>\n<p>&#8211; Excellent grammage : 170 g\/m\u00b2 et pelliculage brillant. Impression haute qualit\u00e9 en offset<br \/>\n&#8211; Les posters mesurent 52 x 38 cm, en format portrait ou paysage selon les mod\u00e8les<br \/>\n&#8211; Livr\u00e9 \u00e0 plat et sans Gencode.<br \/>\n&#8211; Certifi\u00e9 FSC : ce produit est issu de for\u00eats g\u00e9r\u00e9es durablement<\/p>\n","protected":false},"excerpt":{"rendered":"<p>Apr\u00e8s tous les \u00e9v\u00e9nements de Wano, une nouvelle \u00e8re vient d&rsquo;\u00e9merger. Des nouveaux empereurs des mers sont apparus, des alliances se sont form\u00e9es&#8230; La mer n&rsquo;a jamais \u00e9t\u00e9 aussi agit\u00e9e ! \u00c0 la suite de toutes ces p\u00e9rip\u00e9ties, Franky atteint une prime de 394 000 000 de berrys sur ce poster One Piece par GB [&hellip;]<\/p>\n","protected":false},"featured_media":358721,"comment_status":"open","ping_status":"closed","template":"","meta":[],"product_cat":[76],"product_tag":[],"aioseo_notices":[],"jetpack_sharing_enabled":true,"_links":{"self":[{"href":"https:\/\/pop-co.fr\/index.php\/wp-json\/wp\/v2\/product\/99829"}],"collection":[{"href":"https:\/\/pop-co.fr\/index.php\/wp-json\/wp\/v2\/product"}],"about":[{"href":"https:\/\/pop-co.fr\/index.php\/wp-json\/wp\/v2\/types\/product"}],"replies":[{"embeddable":true,"href":"https:\/\/pop-co.fr\/index.php\/wp-json\/wp\/v2\/comments?post=99829"}],"version-history":[{"count":0,"href":"https:\/\/pop-co.fr\/index.php\/wp-json\/wp\/v2\/product\/99829\/revisions"}],"wp:featuredmedia":[{"embeddable":true,"href":"https:\/\/pop-co.fr\/index.php\/wp-json\/wp\/v2\/media\/358721"}],"wp:attachment":[{"href":"https:\/\/pop-co.fr\/index.php\/wp-json\/wp\/v2\/media?parent=99829"}],"wp:term":[{"taxonomy":"product_cat","embeddable":true,"href":"https:\/\/pop-co.fr\/index.php\/wp-json\/wp\/v2\/product_cat?post=99829"},{"taxonomy":"product_tag","embeddable":true,"href":"https:\/\/pop-co.fr\/index.php\/wp-json\/wp\/v2\/product_tag?post=99829"}],"curies":[{"name":"wp","href":"https:\/\/api.w.org\/{rel}","templated":true}]}}